{"id":73067,"date":"2025-07-22T13:59:57","date_gmt":"2025-07-22T11:59:57","guid":{"rendered":"https:\/\/paolacollection.pl\/?post_type=product&#038;p=73067"},"modified":"2025-09-09T13:52:09","modified_gmt":"2025-09-09T11:52:09","slug":"%f0%9d%91%ac%f0%9d%92%8d%f0%9d%92%8a%f0%9d%92%94%f0%9d%92%82%f0%9d%92%83%f0%9d%92%86%f0%9d%92%95%f0%9d%92%95%f0%9d%92%82-%f0%9d%91%a0%f0%9d%91%a2%f0%9d%91%98%f0%9d%91%96%f0%9d%91%92%f0%9d%91%9b","status":"publish","type":"product","link":"https:\/\/paolacollection.pl\/ru\/product\/%f0%9d%91%ac%f0%9d%92%8d%f0%9d%92%8a%f0%9d%92%94%f0%9d%92%82%f0%9d%92%83%f0%9d%92%86%f0%9d%92%95%f0%9d%92%95%f0%9d%92%82-%f0%9d%91%a0%f0%9d%91%a2%f0%9d%91%98%f0%9d%91%96%f0%9d%91%92%f0%9d%91%9b\/","title":{"rendered":"Sukienka ELISABETTA"},"content":{"rendered":"<p style=\"text-align: left;\">Elegancka, romantyczna i bardzo kobieca taka jest nasza najnowsza sukienka ELISABETTA. Zachwyca oryginalnym krojem i subtelnym kolorem. Sp\u00f3d sukienki uszyty z przyjemnej dla cia\u0142a\u00a0 satyny natomiast wierzch zdobi transparentna, lekko szyfonowa tkanina kt\u00f3ra doskonale nadaje sukience lekko\u015bci. Wyj\u0105tkowo zmys\u0142owym i kobiecym dodatkiem s\u0105 lu\u017ano puszczone r\u0119kawy p\u00f3\u0142- przezroczystego materia\u0142u op\u0142ywaj\u0105cego ramiona i r\u0119ce. Ozdobiona na przodzie kwiatem w formie broszki. Sukienka ELISABETTA idealnie sprawdzi si\u0119 w charakterze kreacji dla mamy weselnej jak i go\u015bcia.<\/p>\n<p style=\"text-align: left;\"><strong>SK\u0141AD:<\/strong> 87% Poliester, 13% Wiskoza<\/p>\n<p style=\"text-align: left;\"><strong>PRANIE:<\/strong> w wodzie, chemiczne<\/p>\n<p style=\"text-align: left;\"><strong>MODEL: ELISABETTA<\/strong> 8242A\/01<\/p>\n<p style=\"text-align: left;\">","protected":false},"excerpt":{"rendered":"<p>Elegancka, romantyczna i bardzo kobieca taka jest nasza najnowsza sukienka ELISABETTA. Zachwyca oryginalnym krojem i subtelnym kolorem. Sp\u00f3d sukienki uszyty z przyjemnej dla cia\u0142a\u00a0 satyny natomiast wierzch zdobi transparentna, lekko szyfonowa tkanina kt\u00f3ra doskonale nadaje sukience lekko\u015bci. Wyj\u0105tkowo zmys\u0142owym i kobiecym dodatkiem s\u0105 lu\u017ano puszczone r\u0119kawy p\u00f3\u0142- przezroczystego materia\u0142u op\u0142ywaj\u0105cego ramiona i r\u0119ce. Ozdobiona na [&hellip;]<\/p>\n","protected":false},"featured_media":73374,"comment_status":"closed","ping_status":"closed","template":"","meta":{"inline_featured_image":false},"product_brand":[],"product_cat":[48,35],"product_tag":[],"class_list":{"0":"post-73067","1":"product","2":"type-product","3":"status-publish","4":"has-post-thumbnail","6":"product_cat-kolekcja-wiosna-lato","7":"product_cat-sukienki","8":"pa_rozmiar-28","9":"pa_rozmiar-29","10":"pa_rozmiar-30","11":"pa_rozmiar-31","12":"pa_rozmiar-32","14":"first","15":"instock","16":"sale","17":"shipping-taxable","18":"purchasable","19":"product-type-variable"},"_links":{"self":[{"href":"https:\/\/paolacollection.pl\/ru\/wp-json\/wp\/v2\/product\/73067","targetHints":{"allow":["GET"]}}],"collection":[{"href":"https:\/\/paolacollection.pl\/ru\/wp-json\/wp\/v2\/product"}],"about":[{"href":"https:\/\/paolacollection.pl\/ru\/wp-json\/wp\/v2\/types\/product"}],"replies":[{"embeddable":true,"href":"https:\/\/paolacollection.pl\/ru\/wp-json\/wp\/v2\/comments?post=73067"}],"wp:featuredmedia":[{"embeddable":true,"href":"https:\/\/paolacollection.pl\/ru\/wp-json\/wp\/v2\/media\/73374"}],"wp:attachment":[{"href":"https:\/\/paolacollection.pl\/ru\/wp-json\/wp\/v2\/media?parent=73067"}],"wp:term":[{"taxonomy":"product_brand","embeddable":true,"href":"https:\/\/paolacollection.pl\/ru\/wp-json\/wp\/v2\/product_brand?post=73067"},{"taxonomy":"product_cat","embeddable":true,"href":"https:\/\/paolacollection.pl\/ru\/wp-json\/wp\/v2\/product_cat?post=73067"},{"taxonomy":"product_tag","embeddable":true,"href":"https:\/\/paolacollection.pl\/ru\/wp-json\/wp\/v2\/product_tag?post=73067"}],"curies":[{"name":"wp","href":"https:\/\/api.w.org\/{rel}","templated":true}]}}