{"id":72934,"date":"2024-07-26T11:04:44","date_gmt":"2024-07-26T09:04:44","guid":{"rendered":"https:\/\/paolacollection.pl\/?post_type=product&#038;p=72934"},"modified":"2025-10-02T12:23:35","modified_gmt":"2025-10-02T10:23:35","slug":"sukienka-stella-2","status":"publish","type":"product","link":"https:\/\/paolacollection.pl\/ru\/product\/sukienka-stella-2\/","title":{"rendered":"Sukienka STELLA"},"content":{"rendered":"<p style=\"text-align: left;\">Elegancka i nieoczywista taka jest nasza najnowsza <strong>STELLA <\/strong>. Zachwyca prostym fasonem wzbogaconym o zmys\u0142ow\u0105 peleryn\u0119 imituj\u0105c\u0105 r\u0119kawy i ozdobne kwiaty na ramieniu. Sukienka w kolorze delikatnego r\u00f3\u017cu to idealna propozycja na wesela, letnie przyj\u0119cia czy inne wa\u017cne uroczysto\u015bci. Jest to model kt\u00f3ry z pewno\u015bci\u0105 pokochasz.<\/p>\n<p style=\"text-align: left;\"><strong>SK\u0141AD:<\/strong> 98% Poliester, 2% Elastan<\/p>\n<p style=\"text-align: left;\"><strong>PRANIE:<\/strong> w wodzie, chemiczne<\/p>\n<p style=\"text-align: left;\"><strong>MODEL: STELLA<\/strong> 8164\/01<\/p>","protected":false},"excerpt":{"rendered":"<p>Elegancka i nieoczywista taka jest nasza najnowsza STELLA . Zachwyca prostym fasonem wzbogaconym o zmys\u0142ow\u0105 peleryn\u0119 imituj\u0105c\u0105 r\u0119kawy i ozdobne kwiaty na ramieniu. Sukienka w kolorze delikatnego r\u00f3\u017cu to idealna propozycja na wesela, letnie przyj\u0119cia czy inne wa\u017cne uroczysto\u015bci. Jest to model kt\u00f3ry z pewno\u015bci\u0105 pokochasz. SK\u0141AD: 98% Poliester, 2% Elastan PRANIE: w wodzie, chemiczne [&hellip;]<\/p>\n","protected":false},"featured_media":72940,"comment_status":"closed","ping_status":"closed","template":"","meta":{"inline_featured_image":false},"product_brand":[],"product_cat":[48,35],"product_tag":[],"class_list":{"0":"post-72934","1":"product","2":"type-product","3":"status-publish","4":"has-post-thumbnail","6":"product_cat-kolekcja-wiosna-lato","7":"product_cat-sukienki","8":"pa_rozmiar-29","9":"pa_rozmiar-30","10":"pa_rozmiar-31","11":"pa_rozmiar-32","12":"pa_rozmiar-33","14":"first","15":"instock","16":"sale","17":"shipping-taxable","18":"purchasable","19":"product-type-variable"},"_links":{"self":[{"href":"https:\/\/paolacollection.pl\/ru\/wp-json\/wp\/v2\/product\/72934","targetHints":{"allow":["GET"]}}],"collection":[{"href":"https:\/\/paolacollection.pl\/ru\/wp-json\/wp\/v2\/product"}],"about":[{"href":"https:\/\/paolacollection.pl\/ru\/wp-json\/wp\/v2\/types\/product"}],"replies":[{"embeddable":true,"href":"https:\/\/paolacollection.pl\/ru\/wp-json\/wp\/v2\/comments?post=72934"}],"wp:featuredmedia":[{"embeddable":true,"href":"https:\/\/paolacollection.pl\/ru\/wp-json\/wp\/v2\/media\/72940"}],"wp:attachment":[{"href":"https:\/\/paolacollection.pl\/ru\/wp-json\/wp\/v2\/media?parent=72934"}],"wp:term":[{"taxonomy":"product_brand","embeddable":true,"href":"https:\/\/paolacollection.pl\/ru\/wp-json\/wp\/v2\/product_brand?post=72934"},{"taxonomy":"product_cat","embeddable":true,"href":"https:\/\/paolacollection.pl\/ru\/wp-json\/wp\/v2\/product_cat?post=72934"},{"taxonomy":"product_tag","embeddable":true,"href":"https:\/\/paolacollection.pl\/ru\/wp-json\/wp\/v2\/product_tag?post=72934"}],"curies":[{"name":"wp","href":"https:\/\/api.w.org\/{rel}","templated":true}]}}