{"id":72904,"date":"2024-07-24T10:38:15","date_gmt":"2024-07-24T08:38:15","guid":{"rendered":"https:\/\/paolacollection.pl\/?post_type=product&#038;p=72904"},"modified":"2026-04-13T14:11:48","modified_gmt":"2026-04-13T12:11:48","slug":"sukienka-azuri","status":"publish","type":"product","link":"https:\/\/paolacollection.pl\/ru\/product\/sukienka-azuri\/","title":{"rendered":"Sukienka AZURI"},"content":{"rendered":"<p>Sukienka <strong>AZURI<\/strong> to model na wyj\u0105tkowe okazje, na kt\u00f3rych chcesz wygl\u0105da\u0107 szykownie i z klas\u0105. Trapezowy kr\u00f3j o d\u0142ugo\u015bci za kolano sprawdzi si\u0119 na ka\u017cdej sylwetce. D\u0142ugie, p\u00f3\u0142transparentne r\u0119kawy, dodaj\u0105 lekko\u015bci ca\u0142ej stylizacji. Uwag\u0119 przyci\u0105ga dekolt z ozdobn\u0105 \u0142ezk\u0105. Lekki, wygodny materia\u0142, kt\u00f3ry si\u0119 nie gniecie, sprawdzi si\u0119 nawet w upalne dni<strong>. <\/strong>Ca\u0142o\u015b\u0107 tworzy pe\u0142n\u0105 romantyzmu i lekko\u015bci kompozycj\u0119, w kt\u00f3rej b\u0119dziesz si\u0119 czu\u0107 swobodnie i elegancko.<\/p>\n<p><strong>Sk\u0142ad:<\/strong> 87% Poliester 13% Wiskoza<\/p>\n<p><strong>Zalecane pranie:<\/strong> chemiczne wodne<\/p>\n<p><strong>Kod produktu:<\/strong> 8267\/01<\/p>","protected":false},"excerpt":{"rendered":"<p>Sukienka AZURI to model na wyj\u0105tkowe okazje, na kt\u00f3rych chcesz wygl\u0105da\u0107 szykownie i z klas\u0105. Trapezowy kr\u00f3j o d\u0142ugo\u015bci za kolano sprawdzi si\u0119 na ka\u017cdej sylwetce. D\u0142ugie, p\u00f3\u0142transparentne r\u0119kawy, dodaj\u0105 lekko\u015bci ca\u0142ej stylizacji. Uwag\u0119 przyci\u0105ga dekolt z ozdobn\u0105 \u0142ezk\u0105. Lekki, wygodny materia\u0142, kt\u00f3ry si\u0119 nie gniecie, sprawdzi si\u0119 nawet w upalne dni. Ca\u0142o\u015b\u0107 tworzy pe\u0142n\u0105 [&hellip;]<\/p>\n","protected":false},"featured_media":72905,"comment_status":"closed","ping_status":"closed","template":"","meta":{"inline_featured_image":false},"product_brand":[],"product_cat":[48,35],"product_tag":[],"class_list":{"0":"post-72904","1":"product","2":"type-product","3":"status-publish","4":"has-post-thumbnail","6":"product_cat-kolekcja-wiosna-lato","7":"product_cat-sukienki","8":"pa_rozmiar-29","9":"pa_rozmiar-30","10":"pa_rozmiar-31","11":"pa_rozmiar-32","12":"pa_rozmiar-33","14":"first","15":"instock","16":"sale","17":"shipping-taxable","18":"purchasable","19":"product-type-variable"},"_links":{"self":[{"href":"https:\/\/paolacollection.pl\/ru\/wp-json\/wp\/v2\/product\/72904","targetHints":{"allow":["GET"]}}],"collection":[{"href":"https:\/\/paolacollection.pl\/ru\/wp-json\/wp\/v2\/product"}],"about":[{"href":"https:\/\/paolacollection.pl\/ru\/wp-json\/wp\/v2\/types\/product"}],"replies":[{"embeddable":true,"href":"https:\/\/paolacollection.pl\/ru\/wp-json\/wp\/v2\/comments?post=72904"}],"wp:featuredmedia":[{"embeddable":true,"href":"https:\/\/paolacollection.pl\/ru\/wp-json\/wp\/v2\/media\/72905"}],"wp:attachment":[{"href":"https:\/\/paolacollection.pl\/ru\/wp-json\/wp\/v2\/media?parent=72904"}],"wp:term":[{"taxonomy":"product_brand","embeddable":true,"href":"https:\/\/paolacollection.pl\/ru\/wp-json\/wp\/v2\/product_brand?post=72904"},{"taxonomy":"product_cat","embeddable":true,"href":"https:\/\/paolacollection.pl\/ru\/wp-json\/wp\/v2\/product_cat?post=72904"},{"taxonomy":"product_tag","embeddable":true,"href":"https:\/\/paolacollection.pl\/ru\/wp-json\/wp\/v2\/product_tag?post=72904"}],"curies":[{"name":"wp","href":"https:\/\/api.w.org\/{rel}","templated":true}]}}