{"id":51786,"date":"2024-07-07T12:14:03","date_gmt":"2024-07-07T10:14:03","guid":{"rendered":"https:\/\/paolacollection.pl\/?post_type=product&#038;p=51786"},"modified":"2025-09-09T14:23:10","modified_gmt":"2025-09-09T12:23:10","slug":"dluga-suknia","status":"publish","type":"product","link":"https:\/\/paolacollection.pl\/ru\/product\/dluga-suknia\/","title":{"rendered":"Sukienka SILVIA"},"content":{"rendered":"<p style=\"text-align: left;\">D\u0142uga wizytowa suknia<strong> SILVIA<\/strong> z przepi\u0119knej delikatnej tkaniny sprawi, \u017ce poczujesz si\u0119 w niej niezwykle szykownie. Sukienka posiada dekolt V kt\u00f3ry doskonale podkre\u015bla i wysmukla szyj\u0119,\u00a0 d\u0142ugie r\u0119kawy z mankietem, zapinane na guziczki dodaj\u0105 ca\u0142o\u015bci stylu i elegancji. Marszczenie w okolicy talii, idealnie wysmukla sylwetk\u0119. <strong>SILVIA\u00a0 <\/strong>idealnie sprawdzi si\u0119 na uroczysto\u015bciach wymagaj\u0105cych efektownego wygl\u0105du.<\/p>\n<p style=\"text-align: left;\"><strong>SK\u0141AD:<\/strong> 95% Poliester, 5% Elastan<\/p>\n<p style=\"text-align: left;\"><strong>MODEL: SILVIA<\/strong> 8051\/01<\/p>","protected":false},"excerpt":{"rendered":"<p>D\u0142uga wizytowa suknia SILVIA z przepi\u0119knej delikatnej tkaniny sprawi, \u017ce poczujesz si\u0119 w niej niezwykle szykownie. Sukienka posiada dekolt V kt\u00f3ry doskonale podkre\u015bla i wysmukla szyj\u0119,\u00a0 d\u0142ugie r\u0119kawy z mankietem, zapinane na guziczki dodaj\u0105 ca\u0142o\u015bci stylu i elegancji. Marszczenie w okolicy talii, idealnie wysmukla sylwetk\u0119. SILVIA\u00a0 idealnie sprawdzi si\u0119 na uroczysto\u015bciach wymagaj\u0105cych efektownego wygl\u0105du. SK\u0141AD: [&hellip;]<\/p>\n","protected":false},"featured_media":51793,"comment_status":"closed","ping_status":"closed","template":"","meta":{"inline_featured_image":false},"product_brand":[],"product_cat":[48,35,25],"product_tag":[],"class_list":{"0":"post-51786","1":"product","2":"type-product","3":"status-publish","4":"has-post-thumbnail","6":"product_cat-kolekcja-wiosna-lato","7":"product_cat-sukienki","8":"product_cat-wyprzedaz","9":"pa_rozmiar-29","10":"pa_rozmiar-30","11":"pa_rozmiar-31","13":"first","14":"instock","15":"sale","16":"shipping-taxable","17":"purchasable","18":"product-type-variable"},"_links":{"self":[{"href":"https:\/\/paolacollection.pl\/ru\/wp-json\/wp\/v2\/product\/51786","targetHints":{"allow":["GET"]}}],"collection":[{"href":"https:\/\/paolacollection.pl\/ru\/wp-json\/wp\/v2\/product"}],"about":[{"href":"https:\/\/paolacollection.pl\/ru\/wp-json\/wp\/v2\/types\/product"}],"replies":[{"embeddable":true,"href":"https:\/\/paolacollection.pl\/ru\/wp-json\/wp\/v2\/comments?post=51786"}],"wp:featuredmedia":[{"embeddable":true,"href":"https:\/\/paolacollection.pl\/ru\/wp-json\/wp\/v2\/media\/51793"}],"wp:attachment":[{"href":"https:\/\/paolacollection.pl\/ru\/wp-json\/wp\/v2\/media?parent=51786"}],"wp:term":[{"taxonomy":"product_brand","embeddable":true,"href":"https:\/\/paolacollection.pl\/ru\/wp-json\/wp\/v2\/product_brand?post=51786"},{"taxonomy":"product_cat","embeddable":true,"href":"https:\/\/paolacollection.pl\/ru\/wp-json\/wp\/v2\/product_cat?post=51786"},{"taxonomy":"product_tag","embeddable":true,"href":"https:\/\/paolacollection.pl\/ru\/wp-json\/wp\/v2\/product_tag?post=51786"}],"curies":[{"name":"wp","href":"https:\/\/api.w.org\/{rel}","templated":true}]}}