{"id":40012,"date":"2025-07-03T12:25:52","date_gmt":"2025-07-03T10:25:52","guid":{"rendered":"https:\/\/paolacollection.pl\/?post_type=product&#038;p=40012"},"modified":"2025-09-09T13:58:58","modified_gmt":"2025-09-09T11:58:58","slug":"dluga-suknia-granatowa","status":"publish","type":"product","link":"https:\/\/paolacollection.pl\/ru\/product\/dluga-suknia-granatowa\/","title":{"rendered":"Sukienka CINDY II"},"content":{"rendered":"<p style=\"text-align: left;\">D\u0142uga, elegancka i niezwykle kobieca sukienka <strong>Cindy II<\/strong>. Odcinana w pasie i ozdobiona cienkim paskiem. Lu\u017any d\u00f3\u0142 sukienki nadaje ca\u0142o\u015bci lekko\u015bci, sprawia, \u017ce czujesz si\u0119 w niej wyj\u0105tkowo. Dekolt z p\u0119kni\u0119ciem, ozdobiony delikatnym kryszta\u0142kiem. Fason sukienki jest bardzo kobiecy, podkre\u015bli twoje atuty i zakryje miejsca, kt\u00f3re niekoniecznie chcesz odkry\u0107.<\/p>\n<p style=\"text-align: left;\"><strong>Sk\u0142ad:<\/strong> 52% Wiskoza, 32% Poliester, 16% Bawe\u0142na<\/p>\n<p style=\"text-align: left;\"><strong>Zalecane pranie:<\/strong> r\u0119czne<\/p>\n<p style=\"text-align: left;\"><strong>Kod produktu:<\/strong>\u00a0<strong> CINDY II<\/strong> 8062A\/01<\/p>\n<p style=\"text-align: left;\">","protected":false},"excerpt":{"rendered":"<p>D\u0142uga, elegancka i niezwykle kobieca sukienka Cindy II. Odcinana w pasie i ozdobiona cienkim paskiem. Lu\u017any d\u00f3\u0142 sukienki nadaje ca\u0142o\u015bci lekko\u015bci, sprawia, \u017ce czujesz si\u0119 w niej wyj\u0105tkowo. Dekolt z p\u0119kni\u0119ciem, ozdobiony delikatnym kryszta\u0142kiem. Fason sukienki jest bardzo kobiecy, podkre\u015bli twoje atuty i zakryje miejsca, kt\u00f3re niekoniecznie chcesz odkry\u0107. Sk\u0142ad: 52% Wiskoza, 32% Poliester, 16% [&hellip;]<\/p>\n","protected":false},"featured_media":40018,"comment_status":"closed","ping_status":"closed","template":"","meta":{"inline_featured_image":false},"product_brand":[],"product_cat":[48,35],"product_tag":[],"class_list":{"0":"post-40012","1":"product","2":"type-product","3":"status-publish","4":"has-post-thumbnail","6":"product_cat-kolekcja-wiosna-lato","7":"product_cat-sukienki","8":"pa_rozmiar-27","9":"pa_rozmiar-29","11":"first","12":"instock","13":"sale","14":"shipping-taxable","15":"purchasable","16":"product-type-variable"},"_links":{"self":[{"href":"https:\/\/paolacollection.pl\/ru\/wp-json\/wp\/v2\/product\/40012","targetHints":{"allow":["GET"]}}],"collection":[{"href":"https:\/\/paolacollection.pl\/ru\/wp-json\/wp\/v2\/product"}],"about":[{"href":"https:\/\/paolacollection.pl\/ru\/wp-json\/wp\/v2\/types\/product"}],"replies":[{"embeddable":true,"href":"https:\/\/paolacollection.pl\/ru\/wp-json\/wp\/v2\/comments?post=40012"}],"wp:featuredmedia":[{"embeddable":true,"href":"https:\/\/paolacollection.pl\/ru\/wp-json\/wp\/v2\/media\/40018"}],"wp:attachment":[{"href":"https:\/\/paolacollection.pl\/ru\/wp-json\/wp\/v2\/media?parent=40012"}],"wp:term":[{"taxonomy":"product_brand","embeddable":true,"href":"https:\/\/paolacollection.pl\/ru\/wp-json\/wp\/v2\/product_brand?post=40012"},{"taxonomy":"product_cat","embeddable":true,"href":"https:\/\/paolacollection.pl\/ru\/wp-json\/wp\/v2\/product_cat?post=40012"},{"taxonomy":"product_tag","embeddable":true,"href":"https:\/\/paolacollection.pl\/ru\/wp-json\/wp\/v2\/product_tag?post=40012"}],"curies":[{"name":"wp","href":"https:\/\/api.w.org\/{rel}","templated":true}]}}