{"id":9,"date":"2019-07-22T12:14:34","date_gmt":"2019-07-22T10:14:34","guid":{"rendered":"http:\/\/paolacollection.pl\/?page_id=9"},"modified":"2023-06-14T09:28:37","modified_gmt":"2023-06-14T07:28:37","slug":"o-marce-paola","status":"publish","type":"page","link":"https:\/\/paolacollection.pl\/ru\/o-marce-paola\/","title":{"rendered":"\u041e \u0431\u0440\u0435\u043d\u0434\u0435 \u041f\u0430\u043e\u043b\u0430"},"content":{"rendered":"<div data-elementor-type=\"wp-post\" data-elementor-id=\"9\" class=\"elementor elementor-9\" data-elementor-post-type=\"page\">\n\t\t\t\t\t\t<section class=\"elementor-section elementor-top-section elementor-element elementor-element-203b026 elementor-section-boxed elementor-section-height-default elementor-section-height-default\" data-id=\"203b026\" data-element_type=\"section\" data-e-type=\"section\" data-settings=\"{&quot;background_background&quot;:&quot;classic&quot;}\">\n\t\t\t\t\t\t<div class=\"elementor-container elementor-column-gap-default\">\n\t\t\t\t\t<div class=\"elementor-column elementor-col-100 elementor-top-column elementor-element elementor-element-fda7b6d\" data-id=\"fda7b6d\" data-element_type=\"column\" data-e-type=\"column\">\n\t\t\t<div class=\"elementor-widget-wrap elementor-element-populated\">\n\t\t\t\t\t\t<div class=\"elementor-element elementor-element-e6cd607 elementor-widget elementor-widget-image\" data-id=\"e6cd607\" data-element_type=\"widget\" data-e-type=\"widget\" data-widget_type=\"image.default\">\n\t\t\t\t<div class=\"elementor-widget-container\">\n\t\t\t\t\t\t\t\t\t\t\t\t\t\t\t<img fetchpriority=\"high\" decoding=\"async\" width=\"4000\" height=\"2668\" src=\"https:\/\/paolacollection.pl\/wp-content\/uploads\/2023\/06\/98A3573-Edit.jpg\" class=\"attachment-full size-full wp-image-71182\" alt=\"\" srcset=\"https:\/\/paolacollection.pl\/wp-content\/uploads\/2023\/06\/98A3573-Edit.jpg 4000w, https:\/\/paolacollection.pl\/wp-content\/uploads\/2023\/06\/98A3573-Edit-300x200.jpg 300w, https:\/\/paolacollection.pl\/wp-content\/uploads\/2023\/06\/98A3573-Edit-768x512.jpg 768w, https:\/\/paolacollection.pl\/wp-content\/uploads\/2023\/06\/98A3573-Edit-1024x683.jpg 1024w, https:\/\/paolacollection.pl\/wp-content\/uploads\/2023\/06\/98A3573-Edit-1320x880.jpg 1320w, https:\/\/paolacollection.pl\/wp-content\/uploads\/2023\/06\/98A3573-Edit-1200x800.jpg 1200w\" sizes=\"(max-width: 4000px) 100vw, 4000px\" \/>\t\t\t\t\t\t\t\t\t\t\t\t\t\t\t<\/div>\n\t\t\t\t<\/div>\n\t\t\t\t\t<\/div>\n\t\t<\/div>\n\t\t\t\t\t<\/div>\n\t\t<\/section>\n\t\t\t\t<section class=\"elementor-section elementor-top-section elementor-element elementor-element-529cd9f elementor-section-boxed elementor-section-height-default elementor-section-height-default\" data-id=\"529cd9f\" data-element_type=\"section\" data-e-type=\"section\">\n\t\t\t\t\t\t<div class=\"elementor-container elementor-column-gap-default\">\n\t\t\t\t\t<div class=\"elementor-column elementor-col-100 elementor-top-column elementor-element elementor-element-04432a1\" data-id=\"04432a1\" data-element_type=\"column\" data-e-type=\"column\">\n\t\t\t<div class=\"elementor-widget-wrap elementor-element-populated\">\n\t\t\t\t\t\t<div class=\"elementor-element elementor-element-e083d5d elementor-widget elementor-widget-heading\" data-id=\"e083d5d\" data-element_type=\"widget\" data-e-type=\"widget\" data-widget_type=\"heading.default\">\n\t\t\t\t<div class=\"elementor-widget-container\">\n\t\t\t\t\t<h1 class=\"elementor-heading-title elementor-size-default\">\u041f\u043e\u0437\u043d\u0430\u043a\u043e\u043c\u044c\u0442\u0435\u0441\u044c \u0441 \u0431\u0440\u0435\u043d\u0434\u043e\u043c Paola<\/h1>\t\t\t\t<\/div>\n\t\t\t\t<\/div>\n\t\t\t\t<div class=\"elementor-element elementor-element-c0ebc79 elementor-widget-divider--view-line elementor-widget elementor-widget-divider\" data-id=\"c0ebc79\" data-element_type=\"widget\" data-e-type=\"widget\" data-widget_type=\"divider.default\">\n\t\t\t\t<div class=\"elementor-widget-container\">\n\t\t\t\t\t\t\t<div class=\"elementor-divider\">\n\t\t\t<span class=\"elementor-divider-separator\">\n\t\t\t\t\t\t<\/span>\n\t\t<\/div>\n\t\t\t\t\t\t<\/div>\n\t\t\t\t<\/div>\n\t\t\t\t\t<\/div>\n\t\t<\/div>\n\t\t\t\t\t<\/div>\n\t\t<\/section>\n\t\t\t\t<section class=\"elementor-section elementor-top-section elementor-element elementor-element-d45b4fd elementor-section-boxed elementor-section-height-default elementor-section-height-default\" data-id=\"d45b4fd\" data-element_type=\"section\" data-e-type=\"section\">\n\t\t\t\t\t\t<div class=\"elementor-container elementor-column-gap-default\">\n\t\t\t\t\t<div class=\"elementor-column elementor-col-100 elementor-top-column elementor-element elementor-element-b807a21\" data-id=\"b807a21\" data-element_type=\"column\" data-e-type=\"column\">\n\t\t\t<div class=\"elementor-widget-wrap elementor-element-populated\">\n\t\t\t\t\t\t<div class=\"elementor-element elementor-element-66443f3 elementor-widget elementor-widget-text-editor\" data-id=\"66443f3\" data-element_type=\"widget\" data-e-type=\"widget\" data-widget_type=\"text-editor.default\">\n\t\t\t\t<div class=\"elementor-widget-container\">\n\t\t\t\t\t\t\t\t\t<p>\u041f\u0440\u043e\u0438\u0437\u0432\u043e\u0434\u0438\u0442\u0435\u043b\u044c \u044d\u043a\u0441\u043a\u043b\u044e\u0437\u0438\u0432\u043d\u044b\u0445 \u0436\u0435\u043d\u0441\u043a\u043e\u0439 \u043e\u0434\u0435\u0436\u0434\u044b, \u0441\u0443\u0449\u0435\u0441\u0442\u0432\u0443\u044e\u0449\u0435\u0439 \u043d\u0430 \u043f\u043e\u043b\u044c\u0441\u043a\u043e\u043c \u0440\u044b\u043d\u043a\u0435 \u0441 1989 \u0433\u043e\u0434\u0430.<\/p><p>PAOLA COLLECTION \u043f\u0440\u0435\u0434\u043b\u0430\u0433\u0430\u0435\u0442 \u0438\u043d\u0442\u0435\u0440\u0435\u0441\u043d\u044b\u0439 \u0434\u0438\u0437\u0430\u0439\u043d, \u0432\u044b\u0441\u043e\u043a\u043e\u0435 \u043a\u0430\u0447\u0435\u0441\u0442\u0432\u043e \u0438 \u044d\u043b\u0435\u0433\u0430\u043d\u0442\u043d\u043e\u0441\u0442\u044c \u0438\u0437\u044b\u0441\u043a\u0430\u043d\u043d\u044b\u0439 \u0432 \u043c\u0435\u043b\u044c\u0447\u0430\u0439\u0448\u0438\u0445 \u0434\u0435\u0442\u0430\u043b\u044f\u0445.\u00a0<br \/>\u0412 \u0442\u0435\u0447\u0435\u043d\u0438\u0435 \u043c\u043d\u043e\u0433\u0438\u0445 \u043b\u0435\u0442, \u043c\u044b \u0441\u043e\u0442\u0440\u0443\u0434\u043d\u0438\u0447\u0430\u0435\u043c \u0442\u043e\u043b\u044c\u043a\u043e \u0441 \u043b\u0443\u0447\u0448\u0438\u043c\u0438 \u043a\u043e\u043c\u043f\u0430\u043d\u0438\u044f\u043c\u0438 \u043f\u043e\u0441\u0442\u0430\u0432\u043b\u044f\u0442\u044c \u043d\u0430\u043c \u0441 \u0442\u0435\u043a\u0441\u0442\u0438\u043b\u0435\u043c \u0438 \u0448\u0432\u0435\u0439\u043d\u044b\u043c\u0438 \u043f\u0440\u0438\u043d\u0430\u0434\u043b\u0435\u0436\u043d\u043e\u0441\u0442\u044f\u043c\u0438 \u0438\u0437 \u0418\u0442\u0430\u043b\u0438\u0438, \u0424\u0440\u0430\u043d\u0446\u0438\u0438 \u0438 \u0413\u0435\u0440\u043c\u0430\u043d\u0438\u0438.<\/p>\t\t\t\t\t\t\t\t<\/div>\n\t\t\t\t<\/div>\n\t\t\t\t<div class=\"elementor-element elementor-element-824f55d elementor-widget elementor-widget-theme-site-logo elementor-widget-image\" data-id=\"824f55d\" data-element_type=\"widget\" data-e-type=\"widget\" data-widget_type=\"theme-site-logo.default\">\n\t\t\t\t<div class=\"elementor-widget-container\">\n\t\t\t\t\t\t\t\t\t\t\t<a href=\"https:\/\/paolacollection.pl\/ru\">\n\t\t\t<img decoding=\"async\" src=\"https:\/\/paolacollection.pl\/wp-content\/uploads\/elementor\/thumbs\/sitelogo2-obo40zv84fwp02oihijllnn52xuya591jvp6i0w35s.png\" title=\"sitelogo2\" alt=\"PAOLA COLLECTION to przede wszystkim ciekawy design, wysoka jako\u015b\u0107 i elegancja dopracowana w najmniejszym szczeg\u00f3le. Od lat wsp\u00f3\u0142pracujemy z najlepszymi firmami zaopatruj\u0105cymi nas w tkaniny i dodatki krawieckie z W\u0142och, Francji i Niemiec.\" loading=\"lazy\" \/>\t\t\t\t<\/a>\n\t\t\t\t\t\t\t\t\t\t\t<\/div>\n\t\t\t\t<\/div>\n\t\t\t\t<div class=\"elementor-element elementor-element-d7ff958 elementor-widget elementor-widget-text-editor\" data-id=\"d7ff958\" data-element_type=\"widget\" data-e-type=\"widget\" data-widget_type=\"text-editor.default\">\n\t\t\t\t<div class=\"elementor-widget-container\">\n\t\t\t\t\t\t\t\t\t<p>\u041d\u0430\u0448\u0438 \u043a\u043e\u043b\u043b\u0435\u043a\u0446\u0438\u0438 \u0437\u0430\u0432\u043e\u0435\u0432\u0430\u043b\u0438 \u043f\u0440\u0438\u0437\u043d\u0430\u043d\u0438\u0435 \u043d\u0430 \u043f\u0440\u0435\u0441\u0442\u0438\u0436\u043d\u044b\u0445 \u0432\u044b\u0441\u0442\u0430\u0432\u043a\u0430\u0445 \u043c\u043e\u0434\u044b \u0432 \u041f\u043e\u0437\u043d\u0430\u043d\u0438, \u041b\u043e\u043d\u0434\u043e\u043d\u0435, \u0414\u044e\u0441\u0441\u0435\u043b\u044c\u0434\u043e\u0440\u0444\u0435, \u0411\u0435\u0440\u043b\u0438\u043d\u0435 \u0438 \u041c\u043e\u0441\u043a\u0432\u0435<\/p><p>\u041e\u0441\u043e\u0431\u043e\u0435 \u0432\u043d\u0438\u043c\u0430\u043d\u0438\u0435 \u043f\u043e\u043a\u0443\u043f\u0430\u0442\u0435\u043b\u0435\u0439 \u043f\u0440\u0438\u0432\u043b\u0435\u043a\u0430\u044e\u0442 \u043e\u0440\u0438\u0433\u0438\u043d\u0430\u043b\u044c\u043d\u044b\u0439 \u0434\u0438\u0437\u0430\u0439\u043d, \u0438\u043d\u043d\u043e\u0432\u0430\u0446\u0438\u043e\u043d\u043d\u044b\u0435 \u0441\u043e\u0447\u0435\u0442\u0430\u043d\u0438\u044f \u0442\u043a\u0430\u043d\u0435\u0439 \u0438 \u0431\u0435\u0437\u0443\u043f\u0440\u0435\u0447\u043d\u043e\u0435 \u043a\u0430\u0447\u0435\u0441\u0442\u0432\u043e \u0438\u0441\u043f\u043e\u043b\u043d\u0435\u043d\u0438\u044f.<\/p><p>\u0412\u043d\u0438\u043c\u0430\u043d\u0438\u0435 \u043d\u0430\u0448\u0438\u0445 \u043a\u043b\u0438\u0435\u043d\u0442\u043e\u0432 \u043f\u0440\u0438\u0432\u043b\u0435\u043a\u0430\u0435\u0442 \u043e\u0440\u0438\u0433\u0438\u043d\u0430\u043b\u044c\u043d\u043e\u0441\u0442\u044c\u044e \u0434\u0438\u0437\u0430\u0439\u043d\u0430, \u0438\u043d\u043d\u043e\u0432\u0430\u0446\u0438\u043e\u043d\u043d\u043e\u0433\u043e \u0441\u043e\u0447\u0435\u0442\u0430\u043d\u0438\u044f \u0438 \u0432\u044b\u0441\u043e\u043a\u0438\u043c \u043a\u0430\u0447\u0435\u0441\u0442\u0432\u043e\u043c \u0442\u043a\u0430\u043d\u0435\u0439, \u0441 \u043f\u043e\u0441\u043b\u0435\u0434\u0443\u044e\u0449\u0438\u043c \u043d\u0435\u0432\u0435\u0440\u043e\u044f\u0442\u043d\u044b\u043c \u0432\u043d\u0438\u043c\u0430\u043d\u0438\u0435\u043c \u043a \u0434\u0435\u0442\u0430\u043b\u044f\u043c \u043d\u0430\u0448\u0438\u0445 \u0441\u0442\u0438\u043b\u0438\u0441\u0442, \u0434\u0438\u0437\u0430\u0439\u043d\u0435\u0440\u043e\u0432 \u0438 \u0448\u0432\u0435\u0439.<\/p><p>\u2800\u041f\u0440\u0438\u0432\u043b\u0435\u043a\u0430\u0442\u0435\u043b\u044c\u043d\u043e\u0441\u0442\u044c \u043a\u043e\u043b\u043b\u0435\u043a\u0446\u0438\u0438 \u043e\u043f\u0440\u0435\u0434\u0435\u043b\u044f\u0435\u0442\u0441\u044f \u043e\u0442\u043b\u0438\u0447\u043d\u044b\u043c\u0438 \u043d\u0430\u0432\u044b\u043a\u0430\u043c\u0438 \u0434\u0438\u0437\u0430\u0439\u043d\u0435\u0440\u0430, \u0441\u0442\u0440\u043e\u0438\u0442\u0435\u043b\u0435\u0439 \u0438 \u0448\u0432\u0435\u0438.<\/p><p>\u0412\u0430\u0436\u043d\u0443\u044e \u0440\u043e\u043b\u044c \u0441\u044b\u0433\u0440\u0430\u043b\u043e \u0442\u043e, \u0447\u0442\u043e \u0432\u0441\u044f \u043a\u043e\u043b\u043b\u0435\u043a\u0446\u0438\u044f \u0441\u043e\u0437\u0434\u0430\u043d\u0430 \u0432 \u0448\u0442\u0430\u0431-\u043a\u0432\u0430\u0440\u0442\u0438\u0440\u0435 \u043a\u043e\u043c\u043f\u0430\u043d\u0438\u0438 \u0432 \u0420\u0430\u0434\u043e\u043c, \u0447\u0442\u043e \u0434\u0435\u043b\u0430\u0435\u0442 \u0435\u0433\u043e \u043b\u0435\u0433\u0447\u0435 \u043a\u043e\u043c\u0430\u043d\u0434\u043e\u0432\u0430\u0442\u044c \u043a\u043e\u043d\u0442\u0440\u043e\u043b\u044c \u043a\u0430\u0447\u0435\u0441\u0442\u0432\u0430 \u043d\u0430 \u043a\u0430\u0436\u0434\u043e\u043c \u044d\u0442\u0430\u043f\u0435 \u043f\u0440\u043e\u0438\u0437\u0432\u043e\u0434\u0441\u0442\u0432\u0430<\/p>\t\t\t\t\t\t\t\t<\/div>\n\t\t\t\t<\/div>\n\t\t\t\t\t<\/div>\n\t\t<\/div>\n\t\t\t\t\t<\/div>\n\t\t<\/section>\n\t\t\t\t<\/div>","protected":false},"excerpt":{"rendered":"<p>Poznaj Mark\u0119 Paola Producent eleganckiej odzie\u017cy damskiej istniej\u0105cy na polskim rynku od 1989 r. PAOLA COLLECTION to przede wszystkim ciekawy design, wysoka jako\u015b\u0107 i elegancja dopracowana w najmniejszym szczeg\u00f3le.\u00a0Od lat wsp\u00f3\u0142pracujemy z najlepszymi firmami zaopatruj\u0105cymi nas w tkaniny i dodatki krawieckie z W\u0142och, Francji i Niemiec. Nasza kolekcja znalaz\u0142a uznanie na presti\u017cowych targach mody w [&hellip;]<\/p>\n","protected":false},"author":1,"featured_media":0,"parent":0,"menu_order":0,"comment_status":"closed","ping_status":"closed","template":"","meta":{"inline_featured_image":false,"footnotes":""},"class_list":["post-9","page","type-page","status-publish","hentry"],"_links":{"self":[{"href":"https:\/\/paolacollection.pl\/ru\/wp-json\/wp\/v2\/pages\/9","targetHints":{"allow":["GET"]}}],"collection":[{"href":"https:\/\/paolacollection.pl\/ru\/wp-json\/wp\/v2\/pages"}],"about":[{"href":"https:\/\/paolacollection.pl\/ru\/wp-json\/wp\/v2\/types\/page"}],"author":[{"embeddable":true,"href":"https:\/\/paolacollection.pl\/ru\/wp-json\/wp\/v2\/users\/1"}],"replies":[{"embeddable":true,"href":"https:\/\/paolacollection.pl\/ru\/wp-json\/wp\/v2\/comments?post=9"}],"version-history":[{"count":0,"href":"https:\/\/paolacollection.pl\/ru\/wp-json\/wp\/v2\/pages\/9\/revisions"}],"wp:attachment":[{"href":"https:\/\/paolacollection.pl\/ru\/wp-json\/wp\/v2\/media?parent=9"}],"curies":[{"name":"wp","href":"https:\/\/api.w.org\/{rel}","templated":true}]}}