{"id":12668,"date":"2020-04-24T09:56:59","date_gmt":"2020-04-24T07:56:59","guid":{"rendered":"https:\/\/paolacollection.pl\/?page_id=12668"},"modified":"2020-11-03T15:45:43","modified_gmt":"2020-11-03T14:45:43","slug":"fundusze-europejskie","status":"publish","type":"page","link":"https:\/\/paolacollection.pl\/ru\/fundusze-europejskie\/","title":{"rendered":"\u0415\u0432\u0440\u043e\u043f\u0435\u0439\u0441\u043a\u0438\u0435 \u0444\u043e\u043d\u0434\u044b"},"content":{"rendered":"<div data-elementor-type=\"wp-page\" data-elementor-id=\"12668\" class=\"elementor elementor-12668\" data-elementor-post-type=\"page\">\n\t\t\t\t\t\t<section class=\"elementor-section elementor-top-section elementor-element elementor-element-ef6e61c elementor-section-boxed elementor-section-height-default elementor-section-height-default\" data-id=\"ef6e61c\" data-element_type=\"section\" data-e-type=\"section\">\n\t\t\t\t\t\t<div class=\"elementor-container elementor-column-gap-default\">\n\t\t\t\t\t<div class=\"elementor-column elementor-col-100 elementor-top-column elementor-element elementor-element-32ad38c\" data-id=\"32ad38c\" data-element_type=\"column\" data-e-type=\"column\">\n\t\t\t<div class=\"elementor-widget-wrap elementor-element-populated\">\n\t\t\t\t\t\t<div class=\"elementor-element elementor-element-9536020 elementor-widget elementor-widget-heading\" data-id=\"9536020\" data-element_type=\"widget\" data-e-type=\"widget\" data-widget_type=\"heading.default\">\n\t\t\t\t<div class=\"elementor-widget-container\">\n\t\t\t\t\t<h1 class=\"elementor-heading-title elementor-size-default\">\u0415\u0432\u0440\u043e\u043f\u0435\u0439\u0441\u043a\u0438\u0435 \u0444\u043e\u043d\u0434\u044b<\/h1>\t\t\t\t<\/div>\n\t\t\t\t<\/div>\n\t\t\t\t<div class=\"elementor-element elementor-element-cfb61c2 elementor-widget elementor-widget-text-editor\" data-id=\"cfb61c2\" data-element_type=\"widget\" data-e-type=\"widget\" data-widget_type=\"text-editor.default\">\n\t\t\t\t<div class=\"elementor-widget-container\">\n\t\t\t\t\t\t\t\t\t<p>\u041d\u043e\u043c\u0435\u0440 \u043f\u0440\u043e\u0435\u043a\u0442\u0430: <strong>POIR.03.03.03-14-0110\/19<\/strong><br><\/p>\n<p>Tytu\u0142 projektu: &#8222;Wzrost rozpoznawalno\u015bci polskiej marki produktowej PAOLA COLLECTION na arenie mi\u0119dzynarodowej.&#8221;<br><br><span style=\"font-weight: bolder;\">\u0426\u0435\u043b\u0438 \u0438 \u0440\u0435\u0437\u0443\u043b\u044c\u0442\u0430\u0442\u044b \u0440\u0435\u0430\u043b\u0438\u0437\u0430\u0446\u0438\u0438 \u043f\u0440\u043e\u0435\u043a\u0442\u0430:<\/span><br><\/p>\n<p class=\"translation-block\">\u0426\u0435\u043b\u044c\u044e \u043f\u0440\u043e\u0435\u043a\u0442\u0430 \u044f\u0432\u043b\u044f\u0435\u0442\u0441\u044f \u044d\u0444\u0444\u0435\u043a\u0442\u0438\u0432\u043d\u043e\u0435 \u043f\u0440\u043e\u0434\u0432\u0438\u0436\u0435\u043d\u0438\u0435 \u0431\u0435\u043d\u0435\u0444\u0438\u0446\u0438\u0430\u0440\u0430 \u043d\u0430 \u043c\u0435\u0436\u0434\u0443\u043d\u0430\u0440\u043e\u0434\u043d\u043e\u043c \u0443\u0440\u043e\u0432\u043d\u0435, \u0443\u0432\u0435\u043b\u0438\u0447\u0435\u043d\u0438\u0435 \u043c\u0430\u0441\u0448\u0442\u0430\u0431\u043e\u0432 \u044d\u043a\u0441\u043f\u043e\u0440\u0442\u0430 \u0438 \u043f\u0440\u043e\u0434\u0443\u043a\u0442\u043e\u0432, \u043a\u043e\u0442\u043e\u0440\u044b\u0435 \u044f\u0432\u043b\u044f\u044e\u0442\u0441\u044f \u043f\u0440\u0435\u0434\u043c\u0435\u0442\u043e\u043c \u043f\u0440\u043e\u0435\u043a\u0442\u0430, \u0430 \u0442\u0430\u043a\u0436\u0435 \u043e\u0431\u0449\u0438\u0439 \u043e\u0431\u044a\u0435\u043c \u044d\u043a\u0441\u043f\u043e\u0440\u0442\u0430. <br> \u0432\u044b\u0433\u043e\u0434\u043d\u044b\u0435 \u0434\u0435\u043b\u043e\u0432\u044b\u0435 \u043a\u043e\u043d\u0442\u0430\u043a\u0442\u044b \u0438 \u043f\u0440\u0438\u043e\u0431\u0440\u0435\u0442\u0435\u043d\u0438\u0435 \u043d\u043e\u0432\u044b\u0445 \u0438 \u0437\u0430\u0440\u0443\u0431\u0435\u0436\u043d\u044b\u0445 \u043f\u0430\u0440\u0442\u043d\u0435\u0440\u043e\u0432 \u0438, \u043a\u0430\u043a \u0441\u043b\u0435\u0434\u0441\u0442\u0432\u0438\u0435, \u043f\u043e\u0434\u043f\u0438\u0441\u0430\u043d\u0438\u0435 \u0442\u043e\u0440\u0433\u043e\u0432\u044b\u0445 \u0441\u043e\u0433\u043b\u0430\u0448\u0435\u043d\u0438\u0439. <br> \u0414\u043e\u0441\u0442\u0438\u0433\u043d\u0443\u0442\u044b\u0435 \u0440\u0435\u0437\u0443\u043b\u044c\u0442\u0430\u0442\u044b \u043f\u0440\u043e\u0435\u043a\u0442\u0430 \u0443\u0432\u0435\u043b\u0438\u0447\u0430\u0442 \u044d\u043a\u0441\u043f\u043e\u0440\u0442\u043d\u0443\u044e \u0434\u0435\u044f\u0442\u0435\u043b\u044c\u043d\u043e\u0441\u0442\u044c \u0431\u0435\u043d\u0435\u0444\u0438\u0446\u0438\u0430\u0440\u0430, \u0443\u0432\u0435\u043b\u0438\u0447\u0430\u0442 \u043e\u0431\u044a\u0435\u043c \u044d\u043a\u0441\u043f\u043e\u0440\u0442\u043d\u044b\u0445 \u0434\u043e\u0445\u043e\u0434\u043e\u0432 \u0438 \u0441\u043e\u0437\u0434\u0430\u0434\u0443\u0442 \u043e\u0440\u0433\u0430\u043d\u0438\u0437\u0430\u0446\u0438\u043e\u043d\u043d\u044b\u0435 \u0441\u0442\u0440\u0443\u043a\u0442\u0443\u0440\u044b. \u043a\u043e\u043c\u043f\u0430\u043d\u0438\u044f.<\/p>\n<p>\u0421\u0442\u043e\u0438\u043c\u043e\u0441\u0442\u044c \u043f\u0440\u043e\u0435\u043a\u0442\u0430: <strong>610 600,00 PLN<\/strong><\/p>\n<p>\u0421\u0443\u043c\u043c\u0430 \u0435\u0432\u0440\u043e\u043f\u0435\u0439\u0441\u043a\u0438\u0445 \u0444\u043e\u043d\u0434\u043e\u0432:<strong> 366 360,00 PLN<\/strong><\/p>\n<p><\/p>\n<p>\u041d\u043e\u043c\u0435\u0440 \u043f\u0440\u043e\u0435\u043a\u0442\u0430: <strong>\u041f\u041e\u0418\u0420.03.04.00-14-0039 \/ 20<\/strong><\/p>\n<p>\u041d\u0430\u0437\u0432\u0430\u043d\u0438\u0435 \u043f\u0440\u043e\u0435\u043a\u0442\u0430: \u00ab\u0421\u0443\u0431\u0441\u0438\u0434\u0438\u044f \u043e\u0431\u043e\u0440\u043e\u0442\u043d\u043e\u0433\u043e \u043a\u0430\u043f\u0438\u0442\u0430\u043b\u0430 \u0434\u043b\u044f \u041f\u0440\u043e\u0438\u0437\u0432\u043e\u0434\u0441\u0442\u0432\u0435\u043d\u043d\u043e-\u0441\u0435\u0440\u0432\u0438\u0441\u043d\u0430\u044f \u0438 \u0442\u043e\u0440\u0433\u043e\u0432\u0430\u044f \u043a\u043e\u043c\u043f\u0430\u043d\u0438\u044f - \u0411\u043e\u0433\u0443\u0441\u043b\u0430\u0432\u0430 \u0438 \u0417\u0431\u0438\u0433\u043d\u0435\u0432 \u041d\u043e\u0432\u0430\u043a<\/p>\n<p><b>\u0426\u0435\u043b\u0438 \u0438 \u0440\u0435\u0437\u0443\u043b\u044c\u0442\u0430\u0442\u044b \u0440\u0435\u0430\u043b\u0438\u0437\u0430\u0446\u0438\u0438 \u043f\u0440\u043e\u0435\u043a\u0442\u0430:<\/b><\/p>\n<p class=\"translation-block\">\u0426\u0435\u043b\u0438 \u0438 \u044d\u0444\u0444\u0435\u043a\u0442\u044b \u0440\u0435\u0430\u043b\u0438\u0437\u043e\u0432\u0430\u043d\u043d\u043e\u0433\u043e \u043f\u0440\u043e\u0435\u043a\u0442\u0430:\n\u0426\u0435\u043b\u044c \u043f\u0440\u043e\u0435\u043a\u0442\u0430 - \u043f\u043e\u0434\u0434\u0435\u0440\u0436\u043a\u0430 \u043f\u0440\u0435\u0434\u043f\u0440\u0438\u043d\u0438\u043c\u0430\u0442\u0435\u043b\u044f \u0432 \u0441\u0444\u0435\u0440\u0435\n\u043e\u0431\u0435\u0441\u043f\u0435\u0447\u0435\u043d\u0438\u0435 \u0444\u0438\u043d\u0430\u043d\u0441\u043e\u0432\u043e\u0439 \u043b\u0438\u043a\u0432\u0438\u0434\u043d\u043e\u0441\u0442\u0438 \u0438 \u0441\u043e\u043f\u0440\u043e\u0432\u043e\u0436\u0434\u0435\u043d\u0438\u0435 \u0442\u0435\u043a\u0443\u0449\u0438\u0445 \u043e\u043f\u0435\u0440\u0430\u0446\u0438\u0439\n\u0438\u0437-\u0437\u0430 \u0437\u0430\u043c\u0435\u0434\u043b\u0435\u043d\u0438\u044f \u0442\u0435\u043c\u043f\u043e\u0432 \u0440\u043e\u0441\u0442\u0430 \u0438\u0437-\u0437\u0430 \u044d\u043f\u0438\u0434\u0435\u043c\u0438\u043e\u043b\u043e\u0433\u0438\u0447\u0435\u0441\u043a\u043e\u0439 \u0441\u0438\u0442\u0443\u0430\u0446\u0438\u0438\n\u0441\u0432\u044f\u0437\u0430\u043d\u043d\u044b\u0445 \u0441 \u043f\u0430\u043d\u0434\u0435\u043c\u0438\u0435\u0439 \u043a\u043e\u0440\u043e\u043d\u0430\u0432\u0438\u0440\u0443\u0441\u0430 SARS-CoV-2, \u0438\u0437 \u043a\u043e\u0442\u043e\u0440\u044b\u0445\n\u044d\u0444\u0444\u0435\u043a\u0442 \u0434\u043e\u043b\u0436\u0435\u043d \u0431\u044b\u0442\u044c \u043f\u043e\u0434\u0434\u0435\u0440\u0436\u0430\u043d\u0438\u0435\u043c \u0442\u0435\u043a\u0443\u0449\u0435\u0439 \u0434\u0435\u044f\u0442\u0435\u043b\u044c\u043d\u043e\u0441\u0442\u0438.<\/p>\n<p>\u0421\u0442\u043e\u0438\u043c\u043e\u0441\u0442\u044c \u043f\u0440\u043e\u0435\u043a\u0442\u0430: <strong>124 333,62 PLN<\/strong><\/p>\n<p>\u0421\u0443\u043c\u043c\u0430 \u0435\u0432\u0440\u043e\u043f\u0435\u0439\u0441\u043a\u0438\u0445 \u0444\u043e\u043d\u0434\u043e\u0432: <strong>124 333,62 PLN<\/strong><\/p>\t\t\t\t\t\t\t\t<\/div>\n\t\t\t\t<\/div>\n\t\t\t\t\t<\/div>\n\t\t<\/div>\n\t\t\t\t\t<\/div>\n\t\t<\/section>\n\t\t\t\t<section class=\"elementor-section elementor-top-section elementor-element elementor-element-8c161af elementor-section-boxed elementor-section-height-default elementor-section-height-default\" data-id=\"8c161af\" data-element_type=\"section\" data-e-type=\"section\">\n\t\t\t\t\t\t<div class=\"elementor-container elementor-column-gap-default\">\n\t\t\t\t\t<div class=\"elementor-column elementor-col-100 elementor-top-column elementor-element elementor-element-6857f80\" data-id=\"6857f80\" data-element_type=\"column\" data-e-type=\"column\">\n\t\t\t<div class=\"elementor-widget-wrap elementor-element-populated\">\n\t\t\t\t\t\t<div class=\"elementor-element elementor-element-5f91a9d elementor-widget__width-initial elementor-widget elementor-widget-image\" data-id=\"5f91a9d\" data-element_type=\"widget\" data-e-type=\"widget\" data-widget_type=\"image.default\">\n\t\t\t\t<div class=\"elementor-widget-container\">\n\t\t\t\t\t\t\t\t\t\t\t\t\t\t\t<img fetchpriority=\"high\" decoding=\"async\" width=\"1063\" height=\"567\" src=\"https:\/\/paolacollection.pl\/wp-content\/uploads\/2020\/11\/logo_FE_Inteligentny_Rozwoj_rgb-1.jpg\" class=\"attachment-full size-full wp-image-22566\" alt=\"\" \/>\t\t\t\t\t\t\t\t\t\t\t\t\t\t\t<\/div>\n\t\t\t\t<\/div>\n\t\t\t\t<div class=\"elementor-element elementor-element-67b863c elementor-widget__width-initial elementor-widget elementor-widget-image\" data-id=\"67b863c\" data-element_type=\"widget\" data-e-type=\"widget\" data-widget_type=\"image.default\">\n\t\t\t\t<div class=\"elementor-widget-container\">\n\t\t\t\t\t\t\t\t\t\t\t\t\t\t\t<img decoding=\"async\" width=\"179\" height=\"43\" src=\"https:\/\/paolacollection.pl\/wp-content\/uploads\/2019\/07\/RP-e1587714457974.png\" class=\"attachment-full size-full wp-image-12663\" alt=\"\" \/>\t\t\t\t\t\t\t\t\t\t\t\t\t\t\t<\/div>\n\t\t\t\t<\/div>\n\t\t\t\t<div class=\"elementor-element elementor-element-54199ed elementor-widget__width-initial elementor-widget elementor-widget-image\" data-id=\"54199ed\" data-element_type=\"widget\" data-e-type=\"widget\" data-widget_type=\"image.default\">\n\t\t\t\t<div class=\"elementor-widget-container\">\n\t\t\t\t\t\t\t\t\t\t\t\t\t\t\t<img decoding=\"async\" width=\"512\" height=\"175\" src=\"https:\/\/paolacollection.pl\/wp-content\/uploads\/2020\/11\/unnamed.jpg\" class=\"attachment-large size-large wp-image-22561\" alt=\"\" srcset=\"https:\/\/paolacollection.pl\/wp-content\/uploads\/2020\/11\/unnamed.jpg 512w, https:\/\/paolacollection.pl\/wp-content\/uploads\/2020\/11\/unnamed-300x103.jpg 300w\" sizes=\"(max-width: 512px) 100vw, 512px\" \/>\t\t\t\t\t\t\t\t\t\t\t\t\t\t\t<\/div>\n\t\t\t\t<\/div>\n\t\t\t\t\t<\/div>\n\t\t<\/div>\n\t\t\t\t\t<\/div>\n\t\t<\/section>\n\t\t\t\t<\/div>","protected":false},"excerpt":{"rendered":"<p>Fundusze Europejskie Numer projektu: POIR.03.03.03-14-0110\/19 Tytu\u0142 projektu: &#8222;Wzrost rozpoznawalno\u015bci polskiej marki produktowej PAOLA COLLECTION na arenie mi\u0119dzynarodowej.&#8221; Cele i efekty realizacji Projektu: Celem projektu jest skuteczna promocjaBeneficjenta na arenie mi\u0119dzynarodowej, zwi\u0119kszenie skali eksportuprodukt\u00f3w stanowi\u0105cych przedmiot projektu oraz eksportu og\u00f3\u0142em.Efekty jako\u015bciowe projektu stanowi\u0105: wypromowanie produkt\u00f3w na areniemi\u0119dzynarodowej, zdobycie nowych rynk\u00f3w perspektywicznych, nawi\u0105zanieintratnych kontakt\u00f3w biznesowych i pozyskanie [&hellip;]<\/p>\n","protected":false},"author":1,"featured_media":0,"parent":0,"menu_order":0,"comment_status":"closed","ping_status":"closed","template":"","meta":{"inline_featured_image":false,"footnotes":""},"class_list":["post-12668","page","type-page","status-publish","hentry"],"_links":{"self":[{"href":"https:\/\/paolacollection.pl\/ru\/wp-json\/wp\/v2\/pages\/12668","targetHints":{"allow":["GET"]}}],"collection":[{"href":"https:\/\/paolacollection.pl\/ru\/wp-json\/wp\/v2\/pages"}],"about":[{"href":"https:\/\/paolacollection.pl\/ru\/wp-json\/wp\/v2\/types\/page"}],"author":[{"embeddable":true,"href":"https:\/\/paolacollection.pl\/ru\/wp-json\/wp\/v2\/users\/1"}],"replies":[{"embeddable":true,"href":"https:\/\/paolacollection.pl\/ru\/wp-json\/wp\/v2\/comments?post=12668"}],"version-history":[{"count":0,"href":"https:\/\/paolacollection.pl\/ru\/wp-json\/wp\/v2\/pages\/12668\/revisions"}],"wp:attachment":[{"href":"https:\/\/paolacollection.pl\/ru\/wp-json\/wp\/v2\/media?parent=12668"}],"curies":[{"name":"wp","href":"https:\/\/api.w.org\/{rel}","templated":true}]}}