{"id":73476,"date":"2026-04-23T13:26:28","date_gmt":"2026-04-23T11:26:28","guid":{"rendered":"https:\/\/paolacollection.pl\/?post_type=product&#038;p=73476"},"modified":"2026-04-23T13:53:33","modified_gmt":"2026-04-23T11:53:33","slug":"sukienka-gabrielle","status":"publish","type":"product","link":"https:\/\/paolacollection.pl\/en\/product\/sukienka-gabrielle\/","title":{"rendered":"Sukienka GABRIELLE"},"content":{"rendered":"<p data-start=\"104\" data-end=\"341\">Elegancka, a jednocze\u015bnie subtelnie romantyczna sukienka midi, kt\u00f3ra doskonale sprawdzi si\u0119 na wyj\u0105tkowe okazje.<\/p>\n<p data-start=\"104\" data-end=\"341\">Model wykonany z lekkiej, \u017cakardowej tkaniny o delikatnym wzorze, kt\u00f3ry nadaje ca\u0142o\u015bci wyrafinowanego charakteru.<\/p>\n<p data-start=\"343\" data-end=\"610\">Sukienka wyr\u00f3\u017cnia si\u0119 kobiecym fasonem\u00a0 kt\u00f3ry pi\u0119knie uk\u0142ada si\u0119 w ruchu.<\/p>\n<p data-start=\"343\" data-end=\"610\">Sukienka posiada bufiaste r\u0119kawy ,ozdobna kokarda przy dekolcie przyci\u0105ga uwag\u0119 i nadaje stylizacji unikalnego uroku.<\/p>\n<p data-start=\"612\" data-end=\"691\">Model idealny na przyj\u0119cia, wesela, komunie, chrzciny czy eleganckie spotkania.<\/p>\n<p data-start=\"693\" data-end=\"712\"><strong data-start=\"693\" data-end=\"712\">Cechy produktu:<\/strong><\/p>\n<ul data-start=\"713\" data-end=\"890\">\n<li data-section-id=\"f8bk92\" data-start=\"713\" data-end=\"729\">d\u0142ugo\u015b\u0107 midi<\/li>\n<li data-section-id=\"gji292\" data-start=\"730\" data-end=\"758\">lekko rozkloszowany kr\u00f3j<\/li>\n<li data-section-id=\"1xcbc91\" data-start=\"759\" data-end=\"792\">ozdobna kokarda przy dekolcie<\/li>\n<li data-section-id=\"2ac2d6\" data-start=\"793\" data-end=\"822\">bufiaste r\u0119kawy do \u0142okcia<\/li>\n<li data-section-id=\"1255qrf\" data-start=\"823\" data-end=\"854\">delikatna faktura \u017cakardowa<\/li>\n<li data-section-id=\"buas5c\" data-start=\"855\" data-end=\"890\">komfortowy, przewiewny materia\u0142<\/li>\n<\/ul>\n<p style=\"text-align: left;\"><strong>SK\u0141AD:<\/strong> 72%bawe\u0142na,25%poliamid,3%elastan<\/p>\n<p style=\"text-align: left;\"><strong>MODEL: GABRIELLE 8524\/01<\/strong><\/p>\n<p style=\"text-align: left;\">","protected":false},"excerpt":{"rendered":"<p>Elegancka, a jednocze\u015bnie subtelnie romantyczna sukienka midi, kt\u00f3ra doskonale sprawdzi si\u0119 na wyj\u0105tkowe okazje. Model wykonany z lekkiej, \u017cakardowej tkaniny o delikatnym wzorze, kt\u00f3ry nadaje ca\u0142o\u015bci wyrafinowanego charakteru. Sukienka wyr\u00f3\u017cnia si\u0119 kobiecym fasonem\u00a0 kt\u00f3ry pi\u0119knie uk\u0142ada si\u0119 w ruchu. Sukienka posiada bufiaste r\u0119kawy ,ozdobna kokarda przy dekolcie przyci\u0105ga uwag\u0119 i nadaje stylizacji unikalnego uroku. Model [&hellip;]<\/p>\n","protected":false},"featured_media":73482,"comment_status":"closed","ping_status":"closed","template":"","meta":{"inline_featured_image":false},"product_brand":[],"product_cat":[48,24,35],"product_tag":[],"class_list":{"0":"post-73476","1":"product","2":"type-product","3":"status-publish","4":"has-post-thumbnail","6":"product_cat-kolekcja-wiosna-lato","7":"product_cat-nowosci","8":"product_cat-sukienki","9":"pa_rozmiar-27","10":"pa_rozmiar-28","11":"pa_rozmiar-29","12":"pa_rozmiar-30","13":"pa_rozmiar-31","14":"pa_rozmiar-32","16":"first","17":"instock","18":"shipping-taxable","19":"purchasable","20":"product-type-variable"},"_links":{"self":[{"href":"https:\/\/paolacollection.pl\/en\/wp-json\/wp\/v2\/product\/73476","targetHints":{"allow":["GET"]}}],"collection":[{"href":"https:\/\/paolacollection.pl\/en\/wp-json\/wp\/v2\/product"}],"about":[{"href":"https:\/\/paolacollection.pl\/en\/wp-json\/wp\/v2\/types\/product"}],"replies":[{"embeddable":true,"href":"https:\/\/paolacollection.pl\/en\/wp-json\/wp\/v2\/comments?post=73476"}],"wp:featuredmedia":[{"embeddable":true,"href":"https:\/\/paolacollection.pl\/en\/wp-json\/wp\/v2\/media\/73482"}],"wp:attachment":[{"href":"https:\/\/paolacollection.pl\/en\/wp-json\/wp\/v2\/media?parent=73476"}],"wp:term":[{"taxonomy":"product_brand","embeddable":true,"href":"https:\/\/paolacollection.pl\/en\/wp-json\/wp\/v2\/product_brand?post=73476"},{"taxonomy":"product_cat","embeddable":true,"href":"https:\/\/paolacollection.pl\/en\/wp-json\/wp\/v2\/product_cat?post=73476"},{"taxonomy":"product_tag","embeddable":true,"href":"https:\/\/paolacollection.pl\/en\/wp-json\/wp\/v2\/product_tag?post=73476"}],"curies":[{"name":"wp","href":"https:\/\/api.w.org\/{rel}","templated":true}]}}