{"id":73468,"date":"2026-04-23T13:11:48","date_gmt":"2026-04-23T11:11:48","guid":{"rendered":"https:\/\/paolacollection.pl\/?post_type=product&#038;p=73468"},"modified":"2026-04-23T13:40:44","modified_gmt":"2026-04-23T11:40:44","slug":"sukienka-greta","status":"publish","type":"product","link":"https:\/\/paolacollection.pl\/en\/product\/sukienka-greta\/","title":{"rendered":"Sukienka GRETA"},"content":{"rendered":"<p data-start=\"151\" data-end=\"404\">Subtelna, kobieca i ponadczasowa \u2013 sukienka wizytowa <strong data-start=\"204\" data-end=\"232\">GRETA <\/strong>to idealna propozycja na wyj\u0105tkowe okazje.<\/p>\n<p data-start=\"151\" data-end=\"404\">Model zachwyca po\u0142\u0105czeniem delikatnej koronki z lekko\u015bci\u0105 szyfonowego do\u0142u, tworz\u0105c niezwykle eleganck\u0105 i harmonijn\u0105 stylizacj\u0119.<\/p>\n<p data-start=\"406\" data-end=\"785\">G\u00f3ra sukienki wykonana jest z wysokiej jako\u015bci koronki o finezyjnym wzorze, kt\u00f3ra pi\u0119knie podkre\u015bla sylwetk\u0119 i dodaje klasy.<\/p>\n<p data-start=\"406\" data-end=\"785\">Kr\u00f3tkie r\u0119kawy zapewniaj\u0105 komfort noszenia, a ozdobna aplikacja w formie kwiatu przy dekolcie nadaje ca\u0142o\u015bci wyj\u0105tkowego charakteru.<\/p>\n<p data-start=\"406\" data-end=\"785\">Zwiewny, rozkloszowany d\u00f3\u0142 z lekkiego materia\u0142u subtelnie porusza si\u0119 przy ka\u017cdym kroku, gwarantuj\u0105c swobod\u0119 i elegancj\u0119.<\/p>\n<p data-start=\"787\" data-end=\"878\">To doskona\u0142y wyb\u00f3r na wesele, komuni\u0119, chrzciny, przyj\u0119cia rodzinne oraz inne uroczysto\u015bci.<\/p>\n<p style=\"text-align: left;\"><strong>SK\u0141AD:<\/strong> 43%bawe\u0142na,37%wiskoza,20%poliamid<\/p>\n<p style=\"text-align: left;\"><strong>MODEL: GRETA 8508\/01<\/strong><\/p>\n<p style=\"text-align: left;\">","protected":false},"excerpt":{"rendered":"<p>Subtelna, kobieca i ponadczasowa \u2013 sukienka wizytowa GRETA to idealna propozycja na wyj\u0105tkowe okazje. Model zachwyca po\u0142\u0105czeniem delikatnej koronki z lekko\u015bci\u0105 szyfonowego do\u0142u, tworz\u0105c niezwykle eleganck\u0105 i harmonijn\u0105 stylizacj\u0119. G\u00f3ra sukienki wykonana jest z wysokiej jako\u015bci koronki o finezyjnym wzorze, kt\u00f3ra pi\u0119knie podkre\u015bla sylwetk\u0119 i dodaje klasy. Kr\u00f3tkie r\u0119kawy zapewniaj\u0105 komfort noszenia, a ozdobna aplikacja [&hellip;]<\/p>\n","protected":false},"featured_media":73475,"comment_status":"closed","ping_status":"closed","template":"","meta":{"inline_featured_image":false},"product_brand":[],"product_cat":[48,24,35],"product_tag":[],"class_list":{"0":"post-73468","1":"product","2":"type-product","3":"status-publish","4":"has-post-thumbnail","6":"product_cat-kolekcja-wiosna-lato","7":"product_cat-nowosci","8":"product_cat-sukienki","9":"pa_rozmiar-27","10":"pa_rozmiar-28","11":"pa_rozmiar-29","12":"pa_rozmiar-30","13":"pa_rozmiar-31","14":"pa_rozmiar-32","16":"first","17":"instock","18":"shipping-taxable","19":"purchasable","20":"product-type-variable"},"_links":{"self":[{"href":"https:\/\/paolacollection.pl\/en\/wp-json\/wp\/v2\/product\/73468","targetHints":{"allow":["GET"]}}],"collection":[{"href":"https:\/\/paolacollection.pl\/en\/wp-json\/wp\/v2\/product"}],"about":[{"href":"https:\/\/paolacollection.pl\/en\/wp-json\/wp\/v2\/types\/product"}],"replies":[{"embeddable":true,"href":"https:\/\/paolacollection.pl\/en\/wp-json\/wp\/v2\/comments?post=73468"}],"wp:featuredmedia":[{"embeddable":true,"href":"https:\/\/paolacollection.pl\/en\/wp-json\/wp\/v2\/media\/73475"}],"wp:attachment":[{"href":"https:\/\/paolacollection.pl\/en\/wp-json\/wp\/v2\/media?parent=73468"}],"wp:term":[{"taxonomy":"product_brand","embeddable":true,"href":"https:\/\/paolacollection.pl\/en\/wp-json\/wp\/v2\/product_brand?post=73468"},{"taxonomy":"product_cat","embeddable":true,"href":"https:\/\/paolacollection.pl\/en\/wp-json\/wp\/v2\/product_cat?post=73468"},{"taxonomy":"product_tag","embeddable":true,"href":"https:\/\/paolacollection.pl\/en\/wp-json\/wp\/v2\/product_tag?post=73468"}],"curies":[{"name":"wp","href":"https:\/\/api.w.org\/{rel}","templated":true}]}}