{"id":73352,"date":"2025-07-22T14:12:22","date_gmt":"2025-07-22T12:12:22","guid":{"rendered":"https:\/\/paolacollection.pl\/?post_type=product&#038;p=73352"},"modified":"2026-04-16T10:11:14","modified_gmt":"2026-04-16T08:11:14","slug":"%f0%9d%90%8b%f0%9d%90%94%f0%9d%90%88%f0%9d%90%92%f0%9d%90%80-sukienka-z-efektownym-kwiatem","status":"publish","type":"product","link":"https:\/\/paolacollection.pl\/en\/product\/%f0%9d%90%8b%f0%9d%90%94%f0%9d%90%88%f0%9d%90%92%f0%9d%90%80-sukienka-z-efektownym-kwiatem\/","title":{"rendered":"Sukienka LUISA I"},"content":{"rendered":"<p style=\"text-align: left;\">Sukienka LUISA w delikatnym kremowym odcieniu to esencja kobieco\u015bci. To klasa zamkni\u0119ta w minimalistycznej formie, to po\u0142\u0105czenie delikatno\u015bci z nut\u0105 ekstrawagancji. Luisa nie potrzebuje specjalnych dodatk\u00f3w, sama robi doskona\u0142e wra\u017cenie &#8230;. a to za spraw\u0105 efektownych kwiat\u00f3w, kt\u00f3re otul\u0105 Was niczym bi\u017cuteria. To styl kt\u00f3ry\u00a0 pozostanie w pami\u0119ci na d\u0142ugo.<\/p>\n<p style=\"text-align: left;\"><strong>SK\u0141AD:<\/strong> 60% Poliester, 40% Wiskoza<\/p>\n<p style=\"text-align: left;\"><strong>MODEL: LUISA <\/strong>8407\/01<\/p>\n<p style=\"text-align: left;\">","protected":false},"excerpt":{"rendered":"<p>Sukienka LUISA w delikatnym kremowym odcieniu to esencja kobieco\u015bci. To klasa zamkni\u0119ta w minimalistycznej formie, to po\u0142\u0105czenie delikatno\u015bci z nut\u0105 ekstrawagancji. Luisa nie potrzebuje specjalnych dodatk\u00f3w, sama robi doskona\u0142e wra\u017cenie &#8230;. a to za spraw\u0105 efektownych kwiat\u00f3w, kt\u00f3re otul\u0105 Was niczym bi\u017cuteria. To styl kt\u00f3ry\u00a0 pozostanie w pami\u0119ci na d\u0142ugo. SK\u0141AD: 60% Poliester, 40% Wiskoza [&hellip;]<\/p>\n","protected":false},"featured_media":73353,"comment_status":"closed","ping_status":"closed","template":"","meta":{"inline_featured_image":false},"product_brand":[],"product_cat":[48,24,35],"product_tag":[],"class_list":{"0":"post-73352","1":"product","2":"type-product","3":"status-publish","4":"has-post-thumbnail","6":"product_cat-kolekcja-wiosna-lato","7":"product_cat-nowosci","8":"product_cat-sukienki","9":"pa_rozmiar-27","10":"pa_rozmiar-28","11":"pa_rozmiar-29","12":"pa_rozmiar-30","13":"pa_rozmiar-31","14":"pa_rozmiar-32","16":"first","17":"instock","18":"shipping-taxable","19":"purchasable","20":"product-type-variable"},"_links":{"self":[{"href":"https:\/\/paolacollection.pl\/en\/wp-json\/wp\/v2\/product\/73352","targetHints":{"allow":["GET"]}}],"collection":[{"href":"https:\/\/paolacollection.pl\/en\/wp-json\/wp\/v2\/product"}],"about":[{"href":"https:\/\/paolacollection.pl\/en\/wp-json\/wp\/v2\/types\/product"}],"replies":[{"embeddable":true,"href":"https:\/\/paolacollection.pl\/en\/wp-json\/wp\/v2\/comments?post=73352"}],"wp:featuredmedia":[{"embeddable":true,"href":"https:\/\/paolacollection.pl\/en\/wp-json\/wp\/v2\/media\/73353"}],"wp:attachment":[{"href":"https:\/\/paolacollection.pl\/en\/wp-json\/wp\/v2\/media?parent=73352"}],"wp:term":[{"taxonomy":"product_brand","embeddable":true,"href":"https:\/\/paolacollection.pl\/en\/wp-json\/wp\/v2\/product_brand?post=73352"},{"taxonomy":"product_cat","embeddable":true,"href":"https:\/\/paolacollection.pl\/en\/wp-json\/wp\/v2\/product_cat?post=73352"},{"taxonomy":"product_tag","embeddable":true,"href":"https:\/\/paolacollection.pl\/en\/wp-json\/wp\/v2\/product_tag?post=73352"}],"curies":[{"name":"wp","href":"https:\/\/api.w.org\/{rel}","templated":true}]}}