{"id":73111,"date":"2025-07-22T14:00:27","date_gmt":"2025-07-22T12:00:27","guid":{"rendered":"https:\/\/paolacollection.pl\/?post_type=product&#038;p=73111"},"modified":"2026-04-02T10:55:52","modified_gmt":"2026-04-02T08:55:52","slug":"%f0%9d%91%ad%f0%9d%92%93%f0%9d%92%82%f0%9d%92%8f%f0%9d%92%84%f0%9d%92%86%f0%9d%92%94%f0%9d%92%84%f0%9d%92%82-%f0%9d%91%91%f0%9d%91%99%f0%9d%91%a2%f0%9d%91%94%f0%9d%91%8e-%f0%9d%91%a0%f0%9d%91%a2","status":"publish","type":"product","link":"https:\/\/paolacollection.pl\/en\/product\/%f0%9d%91%ad%f0%9d%92%93%f0%9d%92%82%f0%9d%92%8f%f0%9d%92%84%f0%9d%92%86%f0%9d%92%94%f0%9d%92%84%f0%9d%92%82-%f0%9d%91%91%f0%9d%91%99%f0%9d%91%a2%f0%9d%91%94%f0%9d%91%8e-%f0%9d%91%a0%f0%9d%91%a2\/","title":{"rendered":"Sukienka FRANCESCA"},"content":{"rendered":"<p style=\"text-align: left;\">Ka\u017cda z nas szuka tej wyj\u0105tkowej sukienki kt\u00f3ra doda nam pewno\u015bci siebie i sprawi, \u017ce zostaniemy zapami\u0119tane na d\u0142ugo. Taka jest nasza najnowsza sukienka <strong>Francesca.<\/strong> Zachwyca przepi\u0119knym delikatnym odcieniem r\u00f3\u017cu, prostym fasonem i efektown\u0105 broszk\u0105 z pi\u00f3rami, kt\u00f3ra ca\u0142o\u015bci nadaje wyj\u0105tkowego uroku. Bardzo elegancka i zarazem stylowa. Wystarczy dobra\u0107 odpowiednie dodatki aby stworzy\u0107 niepowtarzalny look. Idealna na wieczorne wyj\u015bcia i wyj\u0105tkowe okazje.<\/p>\n<p style=\"text-align: left;\"><strong>SK\u0141AD:<\/strong> 87% Poliester, 13% Wiskoza<\/p>\n<p style=\"text-align: left;\"><strong>PRANIE:<\/strong> w wodzie, chemiczne<\/p>\n<p style=\"text-align: left;\"><strong>MODEL:<\/strong> FRANCESCA 8272B\/01<\/p>","protected":false},"excerpt":{"rendered":"<p>Ka\u017cda z nas szuka tej wyj\u0105tkowej sukienki kt\u00f3ra doda nam pewno\u015bci siebie i sprawi, \u017ce zostaniemy zapami\u0119tane na d\u0142ugo. Taka jest nasza najnowsza sukienka Francesca. Zachwyca przepi\u0119knym delikatnym odcieniem r\u00f3\u017cu, prostym fasonem i efektown\u0105 broszk\u0105 z pi\u00f3rami, kt\u00f3ra ca\u0142o\u015bci nadaje wyj\u0105tkowego uroku. Bardzo elegancka i zarazem stylowa. Wystarczy dobra\u0107 odpowiednie dodatki aby stworzy\u0107 niepowtarzalny look. [&hellip;]<\/p>\n","protected":false},"featured_media":73367,"comment_status":"closed","ping_status":"closed","template":"","meta":{"inline_featured_image":false},"product_brand":[],"product_cat":[48,35],"product_tag":[],"class_list":{"0":"post-73111","1":"product","2":"type-product","3":"status-publish","4":"has-post-thumbnail","6":"product_cat-kolekcja-wiosna-lato","7":"product_cat-sukienki","8":"pa_rozmiar-28","9":"pa_rozmiar-29","10":"pa_rozmiar-30","11":"pa_rozmiar-31","12":"pa_rozmiar-32","13":"pa_rozmiar-33","15":"first","16":"instock","17":"sale","18":"shipping-taxable","19":"purchasable","20":"product-type-variable"},"_links":{"self":[{"href":"https:\/\/paolacollection.pl\/en\/wp-json\/wp\/v2\/product\/73111","targetHints":{"allow":["GET"]}}],"collection":[{"href":"https:\/\/paolacollection.pl\/en\/wp-json\/wp\/v2\/product"}],"about":[{"href":"https:\/\/paolacollection.pl\/en\/wp-json\/wp\/v2\/types\/product"}],"replies":[{"embeddable":true,"href":"https:\/\/paolacollection.pl\/en\/wp-json\/wp\/v2\/comments?post=73111"}],"wp:featuredmedia":[{"embeddable":true,"href":"https:\/\/paolacollection.pl\/en\/wp-json\/wp\/v2\/media\/73367"}],"wp:attachment":[{"href":"https:\/\/paolacollection.pl\/en\/wp-json\/wp\/v2\/media?parent=73111"}],"wp:term":[{"taxonomy":"product_brand","embeddable":true,"href":"https:\/\/paolacollection.pl\/en\/wp-json\/wp\/v2\/product_brand?post=73111"},{"taxonomy":"product_cat","embeddable":true,"href":"https:\/\/paolacollection.pl\/en\/wp-json\/wp\/v2\/product_cat?post=73111"},{"taxonomy":"product_tag","embeddable":true,"href":"https:\/\/paolacollection.pl\/en\/wp-json\/wp\/v2\/product_tag?post=73111"}],"curies":[{"name":"wp","href":"https:\/\/api.w.org\/{rel}","templated":true}]}}