{"id":73087,"date":"2025-07-22T12:00:43","date_gmt":"2025-07-22T10:00:43","guid":{"rendered":"https:\/\/paolacollection.pl\/?post_type=product&#038;p=73087"},"modified":"2025-09-09T13:57:54","modified_gmt":"2025-09-09T11:57:54","slug":"mirabella","status":"publish","type":"product","link":"https:\/\/paolacollection.pl\/en\/product\/mirabella\/","title":{"rendered":"Sukienka MIRABELLA"},"content":{"rendered":"<p style=\"text-align: left;\">Ka\u017cda z nas szuka tej wyj\u0105tkowej sukienki kt\u00f3ra doda nam pewno\u015bci siebie i sprawi, \u017ce zostaniemy zapami\u0119tane na d\u0142ugo. Taka jest nasza najnowsza sukienka <strong>Mirabella.<\/strong> Zachwyca lu\u017anym krojem kt\u00f3ry nadaje sylwetce lekko\u015bci podczas chodzenia czy ta\u0144ca. Szeroki r\u0119kaw wyko\u0144czony satyn\u0105 i efektowny kwiat na ramieniu to wszystko co powinna posiada\u0107 szykowna sukienka.\u00a0 <strong>Mirabella<\/strong>\u00a0 to doskona\u0142y wyb\u00f3r na \u015blub, wesele czy inne eleganckie przyj\u0119cie.<\/p>\n<section class=\"product-accessories clearfix\">\n<div class=\"pos_content row\">\n<div class=\"product_accessoriesslide owl-carousel owl-theme\">\n<div class=\"owl-wrapper-outer\">\n<div class=\"owl-wrapper\">\n<div class=\"owl-item\">\n<div class=\"item-product\">\n<article class=\"js-product-miniature item_in\" data-id-product=\"286\" data-id-product-attribute=\"855\">\n<div class=\"img_block\"><strong>SK\u0141AD:<\/strong> 87% Poliester, 13% Wiskoza<\/div>\n<\/article>\n<\/div>\n<\/div>\n<\/div>\n<\/div>\n<\/div>\n<\/div>\n<\/section>\n<div><\/div>\n<div style=\"text-align: left;\"><strong>PRANIE:<\/strong> w wodzie, chemiczne<\/div>\n<div><\/div>\n<div style=\"text-align: left;\"><strong>MODEL: MIRABELLA <\/strong>8255\/01<\/div>\n<div style=\"text-align: left;\"><\/div>\n<div style=\"text-align: left;\"><\/div>","protected":false},"excerpt":{"rendered":"<p>Ka\u017cda z nas szuka tej wyj\u0105tkowej sukienki kt\u00f3ra doda nam pewno\u015bci siebie i sprawi, \u017ce zostaniemy zapami\u0119tane na d\u0142ugo. Taka jest nasza najnowsza sukienka Mirabella. Zachwyca lu\u017anym krojem kt\u00f3ry nadaje sylwetce lekko\u015bci podczas chodzenia czy ta\u0144ca. Szeroki r\u0119kaw wyko\u0144czony satyn\u0105 i efektowny kwiat na ramieniu to wszystko co powinna posiada\u0107 szykowna sukienka.\u00a0 Mirabella\u00a0 to doskona\u0142y [&hellip;]<\/p>\n","protected":false},"featured_media":73094,"comment_status":"closed","ping_status":"closed","template":"","meta":{"inline_featured_image":false},"product_brand":[],"product_cat":[48,35],"product_tag":[],"class_list":{"0":"post-73087","1":"product","2":"type-product","3":"status-publish","4":"has-post-thumbnail","6":"product_cat-kolekcja-wiosna-lato","7":"product_cat-sukienki","8":"pa_rozmiar-28","9":"pa_rozmiar-29","10":"pa_rozmiar-30","11":"pa_rozmiar-31","12":"pa_rozmiar-32","13":"pa_rozmiar-33","15":"first","16":"instock","17":"sale","18":"shipping-taxable","19":"purchasable","20":"product-type-variable"},"_links":{"self":[{"href":"https:\/\/paolacollection.pl\/en\/wp-json\/wp\/v2\/product\/73087","targetHints":{"allow":["GET"]}}],"collection":[{"href":"https:\/\/paolacollection.pl\/en\/wp-json\/wp\/v2\/product"}],"about":[{"href":"https:\/\/paolacollection.pl\/en\/wp-json\/wp\/v2\/types\/product"}],"replies":[{"embeddable":true,"href":"https:\/\/paolacollection.pl\/en\/wp-json\/wp\/v2\/comments?post=73087"}],"wp:featuredmedia":[{"embeddable":true,"href":"https:\/\/paolacollection.pl\/en\/wp-json\/wp\/v2\/media\/73094"}],"wp:attachment":[{"href":"https:\/\/paolacollection.pl\/en\/wp-json\/wp\/v2\/media?parent=73087"}],"wp:term":[{"taxonomy":"product_brand","embeddable":true,"href":"https:\/\/paolacollection.pl\/en\/wp-json\/wp\/v2\/product_brand?post=73087"},{"taxonomy":"product_cat","embeddable":true,"href":"https:\/\/paolacollection.pl\/en\/wp-json\/wp\/v2\/product_cat?post=73087"},{"taxonomy":"product_tag","embeddable":true,"href":"https:\/\/paolacollection.pl\/en\/wp-json\/wp\/v2\/product_tag?post=73087"}],"curies":[{"name":"wp","href":"https:\/\/api.w.org\/{rel}","templated":true}]}}