{"id":73077,"date":"2024-07-07T13:32:30","date_gmt":"2024-07-07T11:32:30","guid":{"rendered":"https:\/\/paolacollection.pl\/?post_type=product&#038;p=73077"},"modified":"2026-04-02T10:55:52","modified_gmt":"2026-04-02T08:55:52","slug":"%f0%9d%91%b9%f0%9d%92%90%f0%9d%92%8c%f0%9d%92%94%f0%9d%92%82%f0%9d%92%8f%f0%9d%92%82-%f0%9d%91%a0%f0%9d%91%a2%f0%9d%91%98%f0%9d%91%96%f0%9d%91%92%f0%9d%91%9b%f0%9d%91%98%f0%9d%91%8e","status":"publish","type":"product","link":"https:\/\/paolacollection.pl\/en\/product\/%f0%9d%91%b9%f0%9d%92%90%f0%9d%92%8c%f0%9d%92%94%f0%9d%92%82%f0%9d%92%8f%f0%9d%92%82-%f0%9d%91%a0%f0%9d%91%a2%f0%9d%91%98%f0%9d%91%96%f0%9d%91%92%f0%9d%91%9b%f0%9d%91%98%f0%9d%91%8e\/","title":{"rendered":"Sukienka ROKSANA"},"content":{"rendered":"<p style=\"text-align: left;\">Delikatna i pe\u0142na klasy sukienka z narzutk\u0105 Roksana to recepta na look z nut\u0105 glamour, szczeg\u00f3lnie je\u015bli dodasz do niej b\u0142yszcz\u0105c\u0105 kopert\u00f3wk\u0119 i bi\u017cuteri\u0119.\u00a0 Uszyta z delikatnej szyfonowej tkaniny o lu\u017anym fasonie, kt\u00f3ry sprawia, \u017ce przy ka\u017cdym ruchu czu\u0107 delikatny dotyk materia\u0142u na ciele. Uroku dodaj\u0105 fantazyjnie rozci\u0119te r\u0119kawy oraz dekolt ozdobiony efektown\u0105 aplikacj\u0105, kt\u00f3ra pi\u0119knie podkre\u015bla szyj\u0119 i dekolt. Ca\u0142o\u015b\u0107 tworzy pe\u0142n\u0105 romantyzmu i lekko\u015bci kompozycj\u0119, w kt\u00f3rej b\u0119dziesz si\u0119 czu\u0107 swobodnie i elegancko.\u00a0 Idealna na imprezy okoliczno\u015bciowe.<\/p>\n<p style=\"text-align: left;\"><strong>SK\u0141AD:<\/strong> 87% Poliester, 12% Wiskoza<\/p>\n<p style=\"text-align: left;\"><strong>PRANIE:<\/strong> w wodzie<\/p>\n<p style=\"text-align: left;\"><strong>MODEL: ROKSANA<\/strong> 8253\/8254<\/p>","protected":false},"excerpt":{"rendered":"<p>Delikatna i pe\u0142na klasy sukienka z narzutk\u0105 Roksana to recepta na look z nut\u0105 glamour, szczeg\u00f3lnie je\u015bli dodasz do niej b\u0142yszcz\u0105c\u0105 kopert\u00f3wk\u0119 i bi\u017cuteri\u0119.\u00a0 Uszyta z delikatnej szyfonowej tkaniny o lu\u017anym fasonie, kt\u00f3ry sprawia, \u017ce przy ka\u017cdym ruchu czu\u0107 delikatny dotyk materia\u0142u na ciele. Uroku dodaj\u0105 fantazyjnie rozci\u0119te r\u0119kawy oraz dekolt ozdobiony efektown\u0105 aplikacj\u0105, kt\u00f3ra [&hellip;]<\/p>\n","protected":false},"featured_media":73084,"comment_status":"closed","ping_status":"closed","template":"","meta":{"inline_featured_image":false},"product_brand":[],"product_cat":[48,35],"product_tag":[],"class_list":{"0":"post-73077","1":"product","2":"type-product","3":"status-publish","4":"has-post-thumbnail","6":"product_cat-kolekcja-wiosna-lato","7":"product_cat-sukienki","8":"pa_rozmiar-28","9":"pa_rozmiar-29","10":"pa_rozmiar-30","11":"pa_rozmiar-31","12":"pa_rozmiar-32","13":"pa_rozmiar-33","15":"first","16":"instock","17":"sale","18":"shipping-taxable","19":"purchasable","20":"product-type-variable"},"_links":{"self":[{"href":"https:\/\/paolacollection.pl\/en\/wp-json\/wp\/v2\/product\/73077","targetHints":{"allow":["GET"]}}],"collection":[{"href":"https:\/\/paolacollection.pl\/en\/wp-json\/wp\/v2\/product"}],"about":[{"href":"https:\/\/paolacollection.pl\/en\/wp-json\/wp\/v2\/types\/product"}],"replies":[{"embeddable":true,"href":"https:\/\/paolacollection.pl\/en\/wp-json\/wp\/v2\/comments?post=73077"}],"wp:featuredmedia":[{"embeddable":true,"href":"https:\/\/paolacollection.pl\/en\/wp-json\/wp\/v2\/media\/73084"}],"wp:attachment":[{"href":"https:\/\/paolacollection.pl\/en\/wp-json\/wp\/v2\/media?parent=73077"}],"wp:term":[{"taxonomy":"product_brand","embeddable":true,"href":"https:\/\/paolacollection.pl\/en\/wp-json\/wp\/v2\/product_brand?post=73077"},{"taxonomy":"product_cat","embeddable":true,"href":"https:\/\/paolacollection.pl\/en\/wp-json\/wp\/v2\/product_cat?post=73077"},{"taxonomy":"product_tag","embeddable":true,"href":"https:\/\/paolacollection.pl\/en\/wp-json\/wp\/v2\/product_tag?post=73077"}],"curies":[{"name":"wp","href":"https:\/\/api.w.org\/{rel}","templated":true}]}}