{"id":72895,"date":"2024-07-07T12:29:08","date_gmt":"2024-07-07T10:29:08","guid":{"rendered":"https:\/\/paolacollection.pl\/?post_type=product&#038;p=72895"},"modified":"2026-03-26T21:32:32","modified_gmt":"2026-03-26T20:32:32","slug":"carmen-ii-dluga-suknia-z-kwiatem","status":"publish","type":"product","link":"https:\/\/paolacollection.pl\/en\/product\/carmen-ii-dluga-suknia-z-kwiatem\/","title":{"rendered":"Sukienka CARMEN"},"content":{"rendered":"<p style=\"text-align: left;\">Elegancka, zwiewna sukienka w kolorze delikatnej brzoskwini to propozycja dla kobiet ceni\u0105cych elegancj\u0119.\u00a0 Sukienka <strong>CARMEN<\/strong> wykonana z dw\u00f3ch tkanin, przyjemnej dla cia\u0142a satyny i wiskozy w idealnie dobranej tonacji. W talii ozdobny pas kt\u00f3ry doskonale podkre\u015bli sylwetk\u0119. Na ramieniu broszka w formie kwiatka (mo\u017cliwo\u015b\u0107 odpi\u0119cia). D\u0142ugi r\u0119kaw, lekko prze\u015bwituj\u0105cy,\u00a0 zapinany na ozdobne ma\u0142e guziki nadaje ca\u0142o\u015bci szyku. Prezentowana sukienka idealnie sprawdzi si\u0119 na uroczysto\u015bciach wymagaj\u0105cych efektownego wygl\u0105du. Na plecach delikatne p\u0119kni\u0119cie i zapi\u0119cie na haftk\u0119. Lu\u017any fason sukienki o d\u0142ugo\u015bci maxi, pozwala na \u015bwietne ukrycie mankament\u00f3w kobiecej sylwetki.<\/p>\n<p style=\"text-align: left;\"><strong>SK\u0141AD:<\/strong> 87% Poliester 13% Wiskoza<\/p>\n<p style=\"text-align: left;\"><strong>PRANIE:<\/strong> chemiczne, wodne<\/p>\n<p style=\"text-align: left;\"><strong>MODEL<\/strong>:\u00a0 <strong>CARMEN<\/strong> 8240A-1\/01<\/p>","protected":false},"excerpt":{"rendered":"<p>Elegancka, zwiewna sukienka w kolorze delikatnej brzoskwini to propozycja dla kobiet ceni\u0105cych elegancj\u0119.\u00a0 Sukienka CARMEN wykonana z dw\u00f3ch tkanin, przyjemnej dla cia\u0142a satyny i wiskozy w idealnie dobranej tonacji. W talii ozdobny pas kt\u00f3ry doskonale podkre\u015bli sylwetk\u0119. Na ramieniu broszka w formie kwiatka (mo\u017cliwo\u015b\u0107 odpi\u0119cia). D\u0142ugi r\u0119kaw, lekko prze\u015bwituj\u0105cy,\u00a0 zapinany na ozdobne ma\u0142e guziki nadaje [&hellip;]<\/p>\n","protected":false},"featured_media":72901,"comment_status":"closed","ping_status":"closed","template":"","meta":{"inline_featured_image":false},"product_brand":[],"product_cat":[48,24,35],"product_tag":[],"class_list":{"0":"post-72895","1":"product","2":"type-product","3":"status-publish","4":"has-post-thumbnail","6":"product_cat-kolekcja-wiosna-lato","7":"product_cat-nowosci","8":"product_cat-sukienki","9":"pa_rozmiar-28","10":"pa_rozmiar-29","11":"pa_rozmiar-30","12":"pa_rozmiar-31","13":"pa_rozmiar-32","14":"pa_rozmiar-33","16":"first","17":"instock","18":"sale","19":"shipping-taxable","20":"purchasable","21":"product-type-variable"},"_links":{"self":[{"href":"https:\/\/paolacollection.pl\/en\/wp-json\/wp\/v2\/product\/72895","targetHints":{"allow":["GET"]}}],"collection":[{"href":"https:\/\/paolacollection.pl\/en\/wp-json\/wp\/v2\/product"}],"about":[{"href":"https:\/\/paolacollection.pl\/en\/wp-json\/wp\/v2\/types\/product"}],"replies":[{"embeddable":true,"href":"https:\/\/paolacollection.pl\/en\/wp-json\/wp\/v2\/comments?post=72895"}],"wp:featuredmedia":[{"embeddable":true,"href":"https:\/\/paolacollection.pl\/en\/wp-json\/wp\/v2\/media\/72901"}],"wp:attachment":[{"href":"https:\/\/paolacollection.pl\/en\/wp-json\/wp\/v2\/media?parent=72895"}],"wp:term":[{"taxonomy":"product_brand","embeddable":true,"href":"https:\/\/paolacollection.pl\/en\/wp-json\/wp\/v2\/product_brand?post=72895"},{"taxonomy":"product_cat","embeddable":true,"href":"https:\/\/paolacollection.pl\/en\/wp-json\/wp\/v2\/product_cat?post=72895"},{"taxonomy":"product_tag","embeddable":true,"href":"https:\/\/paolacollection.pl\/en\/wp-json\/wp\/v2\/product_tag?post=72895"}],"curies":[{"name":"wp","href":"https:\/\/api.w.org\/{rel}","templated":true}]}}