{"id":70792,"date":"2025-07-22T13:30:33","date_gmt":"2025-07-22T11:30:33","guid":{"rendered":"https:\/\/paolacollection.pl\/?post_type=product&#038;p=70792"},"modified":"2025-09-09T13:53:47","modified_gmt":"2025-09-09T11:53:47","slug":"dluga-suknia-z-piorami","status":"publish","type":"product","link":"https:\/\/paolacollection.pl\/en\/product\/dluga-suknia-z-piorami\/","title":{"rendered":"Sukienka ROSALIA"},"content":{"rendered":"<p style=\"text-align: left;\">Elegancka i bardzo kobieca suknia <strong>ROSALIA<\/strong> , uszyta z satyny to propozycja dla kobiet odwa\u017cnych, ceni\u0105cych niebanalny styl. Pi\u00f3ra os\u0142aniaj\u0105ce ramiona dodaj\u0105 ca\u0142o\u015bci niezwyk\u0142ego charakteru, z kolei drapowanie na brzuchu pomo\u017ce uzyska\u0107 nam efekt idealnie proporcjonalnej klepsydry.\u00a0 Rozci\u0119cie na nodze, dodaje klasy i kobiecego wdzi\u0119ku, jednocze\u015bnie umo\u017cliwiaj\u0105c swobodne poruszanie si\u0119. <strong>ROSALIA<\/strong> z pewno\u015bci\u0105 sprawi, \u017ce ka\u017cda kobieta poczuje si\u0119 pi\u0119kna i wyj\u0105tkowa.<\/p>\n<p style=\"text-align: left;\"><strong>SK\u0141AD:<\/strong> 71% Polyester, 26% Bawe\u0142na, 3% Elastan<\/p>\n<p style=\"text-align: left;\"><strong>PODSZEWKA:<\/strong> 54% Acetat, 43% Bawe\u0142na, 3% Elastan<\/p>\n<p style=\"text-align: left;\"><strong>MODEL: ROSALIA<\/strong> 8175\/01<\/p>","protected":false},"excerpt":{"rendered":"<p>Elegancka i bardzo kobieca suknia ROSALIA , uszyta z satyny to propozycja dla kobiet odwa\u017cnych, ceni\u0105cych niebanalny styl. Pi\u00f3ra os\u0142aniaj\u0105ce ramiona dodaj\u0105 ca\u0142o\u015bci niezwyk\u0142ego charakteru, z kolei drapowanie na brzuchu pomo\u017ce uzyska\u0107 nam efekt idealnie proporcjonalnej klepsydry.\u00a0 Rozci\u0119cie na nodze, dodaje klasy i kobiecego wdzi\u0119ku, jednocze\u015bnie umo\u017cliwiaj\u0105c swobodne poruszanie si\u0119. ROSALIA z pewno\u015bci\u0105 sprawi, \u017ce [&hellip;]<\/p>\n","protected":false},"featured_media":70798,"comment_status":"closed","ping_status":"closed","template":"","meta":{"inline_featured_image":false},"product_brand":[],"product_cat":[48,35],"product_tag":[],"class_list":{"0":"post-70792","1":"product","2":"type-product","3":"status-publish","4":"has-post-thumbnail","6":"product_cat-kolekcja-wiosna-lato","7":"product_cat-sukienki","8":"pa_rozmiar-28","9":"pa_rozmiar-29","10":"pa_rozmiar-30","12":"first","13":"instock","14":"sale","15":"shipping-taxable","16":"product-type-variable"},"_links":{"self":[{"href":"https:\/\/paolacollection.pl\/en\/wp-json\/wp\/v2\/product\/70792","targetHints":{"allow":["GET"]}}],"collection":[{"href":"https:\/\/paolacollection.pl\/en\/wp-json\/wp\/v2\/product"}],"about":[{"href":"https:\/\/paolacollection.pl\/en\/wp-json\/wp\/v2\/types\/product"}],"replies":[{"embeddable":true,"href":"https:\/\/paolacollection.pl\/en\/wp-json\/wp\/v2\/comments?post=70792"}],"wp:featuredmedia":[{"embeddable":true,"href":"https:\/\/paolacollection.pl\/en\/wp-json\/wp\/v2\/media\/70798"}],"wp:attachment":[{"href":"https:\/\/paolacollection.pl\/en\/wp-json\/wp\/v2\/media?parent=70792"}],"wp:term":[{"taxonomy":"product_brand","embeddable":true,"href":"https:\/\/paolacollection.pl\/en\/wp-json\/wp\/v2\/product_brand?post=70792"},{"taxonomy":"product_cat","embeddable":true,"href":"https:\/\/paolacollection.pl\/en\/wp-json\/wp\/v2\/product_cat?post=70792"},{"taxonomy":"product_tag","embeddable":true,"href":"https:\/\/paolacollection.pl\/en\/wp-json\/wp\/v2\/product_tag?post=70792"}],"curies":[{"name":"wp","href":"https:\/\/api.w.org\/{rel}","templated":true}]}}