{"id":9,"date":"2019-07-22T12:14:34","date_gmt":"2019-07-22T10:14:34","guid":{"rendered":"http:\/\/paolacollection.pl\/?page_id=9"},"modified":"2023-06-14T09:28:37","modified_gmt":"2023-06-14T07:28:37","slug":"o-marce-paola","status":"publish","type":"page","link":"https:\/\/paolacollection.pl\/en\/o-marce-paola\/","title":{"rendered":"About the Paola brand"},"content":{"rendered":"<div data-elementor-type=\"wp-post\" data-elementor-id=\"9\" class=\"elementor elementor-9\" data-elementor-post-type=\"page\">\n\t\t\t\t\t\t<section class=\"elementor-section elementor-top-section elementor-element elementor-element-203b026 elementor-section-boxed elementor-section-height-default elementor-section-height-default\" data-id=\"203b026\" data-element_type=\"section\" data-e-type=\"section\" data-settings=\"{&quot;background_background&quot;:&quot;classic&quot;}\">\n\t\t\t\t\t\t<div class=\"elementor-container elementor-column-gap-default\">\n\t\t\t\t\t<div class=\"elementor-column elementor-col-100 elementor-top-column elementor-element elementor-element-fda7b6d\" data-id=\"fda7b6d\" data-element_type=\"column\" data-e-type=\"column\">\n\t\t\t<div class=\"elementor-widget-wrap elementor-element-populated\">\n\t\t\t\t\t\t<div class=\"elementor-element elementor-element-e6cd607 elementor-widget elementor-widget-image\" data-id=\"e6cd607\" data-element_type=\"widget\" data-e-type=\"widget\" data-widget_type=\"image.default\">\n\t\t\t\t<div class=\"elementor-widget-container\">\n\t\t\t\t\t\t\t\t\t\t\t\t\t\t\t<img fetchpriority=\"high\" decoding=\"async\" width=\"4000\" height=\"2668\" src=\"https:\/\/paolacollection.pl\/wp-content\/uploads\/2023\/06\/98A3573-Edit.jpg\" class=\"attachment-full size-full wp-image-71182\" alt=\"\" srcset=\"https:\/\/paolacollection.pl\/wp-content\/uploads\/2023\/06\/98A3573-Edit.jpg 4000w, https:\/\/paolacollection.pl\/wp-content\/uploads\/2023\/06\/98A3573-Edit-300x200.jpg 300w, https:\/\/paolacollection.pl\/wp-content\/uploads\/2023\/06\/98A3573-Edit-768x512.jpg 768w, https:\/\/paolacollection.pl\/wp-content\/uploads\/2023\/06\/98A3573-Edit-1024x683.jpg 1024w, https:\/\/paolacollection.pl\/wp-content\/uploads\/2023\/06\/98A3573-Edit-1320x880.jpg 1320w, https:\/\/paolacollection.pl\/wp-content\/uploads\/2023\/06\/98A3573-Edit-1200x800.jpg 1200w\" sizes=\"(max-width: 4000px) 100vw, 4000px\" \/>\t\t\t\t\t\t\t\t\t\t\t\t\t\t\t<\/div>\n\t\t\t\t<\/div>\n\t\t\t\t\t<\/div>\n\t\t<\/div>\n\t\t\t\t\t<\/div>\n\t\t<\/section>\n\t\t\t\t<section class=\"elementor-section elementor-top-section elementor-element elementor-element-529cd9f elementor-section-boxed elementor-section-height-default elementor-section-height-default\" data-id=\"529cd9f\" data-element_type=\"section\" data-e-type=\"section\">\n\t\t\t\t\t\t<div class=\"elementor-container elementor-column-gap-default\">\n\t\t\t\t\t<div class=\"elementor-column elementor-col-100 elementor-top-column elementor-element elementor-element-04432a1\" data-id=\"04432a1\" data-element_type=\"column\" data-e-type=\"column\">\n\t\t\t<div class=\"elementor-widget-wrap elementor-element-populated\">\n\t\t\t\t\t\t<div class=\"elementor-element elementor-element-e083d5d elementor-widget elementor-widget-heading\" data-id=\"e083d5d\" data-element_type=\"widget\" data-e-type=\"widget\" data-widget_type=\"heading.default\">\n\t\t\t\t<div class=\"elementor-widget-container\">\n\t\t\t\t\t<h1 class=\"elementor-heading-title elementor-size-default\">Meet the Paola Brand<\/h1>\t\t\t\t<\/div>\n\t\t\t\t<\/div>\n\t\t\t\t<div class=\"elementor-element elementor-element-c0ebc79 elementor-widget-divider--view-line elementor-widget elementor-widget-divider\" data-id=\"c0ebc79\" data-element_type=\"widget\" data-e-type=\"widget\" data-widget_type=\"divider.default\">\n\t\t\t\t<div class=\"elementor-widget-container\">\n\t\t\t\t\t\t\t<div class=\"elementor-divider\">\n\t\t\t<span class=\"elementor-divider-separator\">\n\t\t\t\t\t\t<\/span>\n\t\t<\/div>\n\t\t\t\t\t\t<\/div>\n\t\t\t\t<\/div>\n\t\t\t\t\t<\/div>\n\t\t<\/div>\n\t\t\t\t\t<\/div>\n\t\t<\/section>\n\t\t\t\t<section class=\"elementor-section elementor-top-section elementor-element elementor-element-d45b4fd elementor-section-boxed elementor-section-height-default elementor-section-height-default\" data-id=\"d45b4fd\" data-element_type=\"section\" data-e-type=\"section\">\n\t\t\t\t\t\t<div class=\"elementor-container elementor-column-gap-default\">\n\t\t\t\t\t<div class=\"elementor-column elementor-col-100 elementor-top-column elementor-element elementor-element-b807a21\" data-id=\"b807a21\" data-element_type=\"column\" data-e-type=\"column\">\n\t\t\t<div class=\"elementor-widget-wrap elementor-element-populated\">\n\t\t\t\t\t\t<div class=\"elementor-element elementor-element-66443f3 elementor-widget elementor-widget-text-editor\" data-id=\"66443f3\" data-element_type=\"widget\" data-e-type=\"widget\" data-widget_type=\"text-editor.default\">\n\t\t\t\t<div class=\"elementor-widget-container\">\n\t\t\t\t\t\t\t\t\t<p>Manufacturer of exclusive women's apparel existing on the Polish market since 1989.<\/p><p>PAOLA COLLECTION offers an interesting design, high quality and elegance refined in the smallest detail.\u00a0<br \/>For years, we have been cooperating with the best companies supplying us with textiles and sewing accessories from Italy, France and Germany.<\/p>\t\t\t\t\t\t\t\t<\/div>\n\t\t\t\t<\/div>\n\t\t\t\t<div class=\"elementor-element elementor-element-824f55d elementor-widget elementor-widget-theme-site-logo elementor-widget-image\" data-id=\"824f55d\" data-element_type=\"widget\" data-e-type=\"widget\" data-widget_type=\"theme-site-logo.default\">\n\t\t\t\t<div class=\"elementor-widget-container\">\n\t\t\t\t\t\t\t\t\t\t\t<a href=\"https:\/\/paolacollection.pl\/en\">\n\t\t\t<img decoding=\"async\" src=\"https:\/\/paolacollection.pl\/wp-content\/uploads\/elementor\/thumbs\/sitelogo2-obo40zv84fwp02oihijllnn52xuya591jvp6i0w35s.png\" title=\"sitelogo2\" alt=\"PAOLA COLLECTION to przede wszystkim ciekawy design, wysoka jako\u015b\u0107 i elegancja dopracowana w najmniejszym szczeg\u00f3le. Od lat wsp\u00f3\u0142pracujemy z najlepszymi firmami zaopatruj\u0105cymi nas w tkaniny i dodatki krawieckie z W\u0142och, Francji i Niemiec.\" loading=\"lazy\" \/>\t\t\t\t<\/a>\n\t\t\t\t\t\t\t\t\t\t\t<\/div>\n\t\t\t\t<\/div>\n\t\t\t\t<div class=\"elementor-element elementor-element-d7ff958 elementor-widget elementor-widget-text-editor\" data-id=\"d7ff958\" data-element_type=\"widget\" data-e-type=\"widget\" data-widget_type=\"text-editor.default\">\n\t\t\t\t<div class=\"elementor-widget-container\">\n\t\t\t\t\t\t\t\t\t<p>Our collections won recognition at the prestigious fashion trade fairs in Poznan, London, Dusseldorf, Berlin and Moscow<\/p><p>The attention of our customers is attracted by originality of design, innovative combination and highest quality of fabrics, followed by incredible attention to detail of our stylist, designers and seamstresses.<\/p><p>Each year we release two seasonal collections that will suit any woman for both, casual daily meetings and smart nightouts.<\/p><p>The collection's attractiveness is determined by the excellent skills of the designer, builders and seamstresses.<\/p><p>An important role is played by the fact that the whole collection is created at the company headquarters in Radom making it easier to command quality control at each stage of production.<\/p>\t\t\t\t\t\t\t\t<\/div>\n\t\t\t\t<\/div>\n\t\t\t\t\t<\/div>\n\t\t<\/div>\n\t\t\t\t\t<\/div>\n\t\t<\/section>\n\t\t\t\t<\/div>","protected":false},"excerpt":{"rendered":"<p>Poznaj Mark\u0119 Paola Producent eleganckiej odzie\u017cy damskiej istniej\u0105cy na polskim rynku od 1989 r. PAOLA COLLECTION to przede wszystkim ciekawy design, wysoka jako\u015b\u0107 i elegancja dopracowana w najmniejszym szczeg\u00f3le.\u00a0Od lat wsp\u00f3\u0142pracujemy z najlepszymi firmami zaopatruj\u0105cymi nas w tkaniny i dodatki krawieckie z W\u0142och, Francji i Niemiec. Nasza kolekcja znalaz\u0142a uznanie na presti\u017cowych targach mody w [&hellip;]<\/p>\n","protected":false},"author":1,"featured_media":0,"parent":0,"menu_order":0,"comment_status":"closed","ping_status":"closed","template":"","meta":{"inline_featured_image":false,"footnotes":""},"class_list":["post-9","page","type-page","status-publish","hentry"],"_links":{"self":[{"href":"https:\/\/paolacollection.pl\/en\/wp-json\/wp\/v2\/pages\/9","targetHints":{"allow":["GET"]}}],"collection":[{"href":"https:\/\/paolacollection.pl\/en\/wp-json\/wp\/v2\/pages"}],"about":[{"href":"https:\/\/paolacollection.pl\/en\/wp-json\/wp\/v2\/types\/page"}],"author":[{"embeddable":true,"href":"https:\/\/paolacollection.pl\/en\/wp-json\/wp\/v2\/users\/1"}],"replies":[{"embeddable":true,"href":"https:\/\/paolacollection.pl\/en\/wp-json\/wp\/v2\/comments?post=9"}],"version-history":[{"count":0,"href":"https:\/\/paolacollection.pl\/en\/wp-json\/wp\/v2\/pages\/9\/revisions"}],"wp:attachment":[{"href":"https:\/\/paolacollection.pl\/en\/wp-json\/wp\/v2\/media?parent=9"}],"curies":[{"name":"wp","href":"https:\/\/api.w.org\/{rel}","templated":true}]}}