{"id":493,"date":"2019-07-24T08:17:28","date_gmt":"2019-07-24T06:17:28","guid":{"rendered":"http:\/\/paolacollection.pl\/?page_id=493"},"modified":"2022-03-10T12:13:02","modified_gmt":"2022-03-10T11:13:02","slug":"regulamin","status":"publish","type":"page","link":"https:\/\/paolacollection.pl\/en\/regulamin\/","title":{"rendered":"Regulations"},"content":{"rendered":"<div data-elementor-type=\"wp-post\" data-elementor-id=\"493\" class=\"elementor elementor-493\" data-elementor-post-type=\"page\">\n\t\t\t\t\t\t<section class=\"elementor-section elementor-top-section elementor-element elementor-element-f17cb28 elementor-section-full_width elementor-section-height-default elementor-section-height-default\" data-id=\"f17cb28\" data-element_type=\"section\" data-e-type=\"section\">\n\t\t\t\t\t\t<div class=\"elementor-container elementor-column-gap-default\">\n\t\t\t\t\t<div class=\"elementor-column elementor-col-100 elementor-top-column elementor-element elementor-element-2fe84bc\" data-id=\"2fe84bc\" data-element_type=\"column\" data-e-type=\"column\">\n\t\t\t<div class=\"elementor-widget-wrap elementor-element-populated\">\n\t\t\t\t\t\t<div class=\"elementor-element elementor-element-9c64ec8 elementor-widget elementor-widget-heading\" data-id=\"9c64ec8\" data-element_type=\"widget\" data-e-type=\"widget\" data-widget_type=\"heading.default\">\n\t\t\t\t<div class=\"elementor-widget-container\">\n\t\t\t\t\t<h2 class=\"elementor-heading-title elementor-size-default\">Regulations<\/h2>\t\t\t\t<\/div>\n\t\t\t\t<\/div>\n\t\t\t\t<div class=\"elementor-element elementor-element-3a10dd1 elementor-widget-divider--view-line elementor-widget elementor-widget-divider\" data-id=\"3a10dd1\" data-element_type=\"widget\" data-e-type=\"widget\" data-widget_type=\"divider.default\">\n\t\t\t\t<div class=\"elementor-widget-container\">\n\t\t\t\t\t\t\t<div class=\"elementor-divider\">\n\t\t\t<span class=\"elementor-divider-separator\">\n\t\t\t\t\t\t<\/span>\n\t\t<\/div>\n\t\t\t\t\t\t<\/div>\n\t\t\t\t<\/div>\n\t\t\t\t\t<\/div>\n\t\t<\/div>\n\t\t\t\t\t<\/div>\n\t\t<\/section>\n\t\t\t\t<section class=\"elementor-section elementor-top-section elementor-element elementor-element-4ab3530 elementor-section-boxed elementor-section-height-default elementor-section-height-default\" data-id=\"4ab3530\" data-element_type=\"section\" data-e-type=\"section\">\n\t\t\t\t\t\t<div class=\"elementor-container elementor-column-gap-default\">\n\t\t\t\t\t<div class=\"elementor-column elementor-col-100 elementor-top-column elementor-element elementor-element-33ea251\" data-id=\"33ea251\" data-element_type=\"column\" data-e-type=\"column\">\n\t\t\t<div class=\"elementor-widget-wrap elementor-element-populated\">\n\t\t\t\t\t\t<div class=\"elementor-element elementor-element-3c5e228 elementor-widget elementor-widget-text-editor\" data-id=\"3c5e228\" data-element_type=\"widget\" data-e-type=\"widget\" data-widget_type=\"text-editor.default\">\n\t\t\t\t<div class=\"elementor-widget-container\">\n\t\t\t\t\t\t\t\t\t<p><b>WARUNKI OG\u00d3LNE<\/b><\/p><p>1. Sklep internetowy www.paolacollection.pl prowadzony jest przez firm\u0119<br \/>PPUH \u201ePaola\u201d Bogus\u0142awa i Zbigniew Nowak s.c<br \/>Al. Wojska Polskiego 56<br \/>26-600 Radom<br \/>Tel.: (48) 365 18 59<br \/>Tel kom. 784 316 712<br \/>NIP: 796 001 71 73<br \/>Regon: 670007902<br \/>e-mail: esklep@paolacollection.pl<br \/>www.paolacollection.com.pl<br \/>2. Ceny towar\u00f3w znajduj\u0105cych si\u0119 w sklepie internetowym s\u0105 cenami brutto zawieraj\u0105cymi podatek VAT, podanymi w PLN.<\/p><p><b>ZAM\u00d3WIENIA<\/b><\/p><p>1. Sklep internetowy Paola otwarty jest przez ca\u0142\u0105 dob\u0119, 12 m-cy w roku.<br \/>Przez ca\u0142\u0105 dob\u0119 mo\u017cna sk\u0142ada\u0107 zam\u00f3wienia. Realizacja zlece\u0144 nast\u0119puje wy\u0142\u0105cznie w godzinach od 10-15 w dni powszednie. Zam\u00f3wienia z\u0142o\u017cone w poniedzia\u0142ek po godzinie 15, soboty, niedziele oraz \u015bwi\u0119ta rozpatrywane b\u0119d\u0105 w pierwszym najbli\u017cszym roboczym dniu pracy.<br \/>2. Do ka\u017cdego zam\u00f3wienia doliczane s\u0105 koszty przesy\u0142ki.<br \/>DHL &#8211; 22 z\u0142 <br \/>DPD \u2013 17 z\u0142<br \/>DPD pobranie \u2013 23 z\u0142<br \/>3. Po z\u0142o\u017ceniu zam\u00f3wienia klient (zamawiaj\u0105cy) zobowi\u0105zany jest do dokonania przelewu na rachunek bankowy sprzedaj\u0105cego.<br \/>Je\u017celi p\u0142atno\u015b\u0107 przelewem nie nast\u0105pi maksymalnie do 5 dni od daty z\u0142o\u017cenia zam\u00f3wienia (liczy si\u0119 data wp\u0142ywu nale\u017cno\u015bci na konto) zam\u00f3wienie zostanie anulowane.<br \/>4. Do ka\u017cdego zakupu wystawiana jest faktura VAT lub paragon fiskalny.<br \/>5. Je\u017celi w koszyku znajduje si\u0119 kilka wyrob\u00f3w o r\u00f3\u017cnej dost\u0119pno\u015bci to zam\u00f3wienie zostanie zrealizowane w terminie z najd\u0142u\u017csz\u0105 dost\u0119pno\u015bci\u0105. Je\u017celi towar nie jest w danym momencie dost\u0119pny skontaktujemy si\u0119 z klientem poczt\u0105 elektroniczn\u0105 aby poinformowa\u0107 o anulacji lub przed\u0142u\u017ceniu czasu realizacji.<br \/>6. Sklep nie ponosi odpowiedzialno\u015bci za wyd\u0142u\u017cenie czasu dostawy z przyczyn nie le\u017c\u0105cych po stronie sklepu.<br \/>7. Zdj\u0119cia towaru w szczeg\u00f3lno\u015bci kolory oraz faktura u\u017cytych materia\u0142\u00f3w mog\u0105 w nieznacznym stopniu r\u00f3\u017cni\u0107 si\u0119 od ich faktycznego wygl\u0105du co wynika z przyczyn technicznych. Wy\u017cej wymienione r\u00f3\u017cnice nie mog\u0105 stanowi\u0107 podstawy do reklamacji wyrobu. Sklep internetowy Paola nie ponosi \u017cadnej odpowiedzialno\u015bci z tytu\u0142u okoliczno\u015bci niezale\u017cnych od sklepu.<br \/>8. Nie ma mo\u017cliwo\u015bci wymiany towaru na inny. Aby otrzyma\u0107 ponownie dany towar nale\u017cy z\u0142o\u017cy\u0107 nowe zam\u00f3wienie.<\/p><p><b>REKLAMACJE I ZWROTY<\/b><\/p><p>1. Kupuj\u0105cy zobowi\u0105zany jest przed odebraniem przesy\u0142ki sprawdzi\u0107 czy opakowanie nie uleg\u0142o uszkodzeniu w transporcie. W przypadku gdy opakowanie nosi znamiona uszkodzenia nie nale\u017cy przyjmowa\u0107 przesy\u0142ki i w obecno\u015bci kuriera sporz\u0105dzi\u0107 protok\u00f3\u0142 szkody oraz skontaktowa\u0107 si\u0119 z biurem Paola w celu wyja\u015bnienia sprawy.<br \/>Sprawdzenie przesy\u0142ki przy odbiorze i sporz\u0105dzenie protoko\u0142u szkody jest niezb\u0119dnym warunkiem uwzgl\u0119dnienia ewentualnych roszcze\u0144 kupuj\u0105cego z tytu\u0142u uszkodzenia przesy\u0142ki w transporcie czy niezgodno\u015bci towaru z zamawianym.<br \/>2.Na wszystkie wyroby zakupione w naszym sklepie udzielamy gwarancji zgodnie z og\u00f3lnie obowi\u0105zuj\u0105cymi przepisami.<br \/>Reklamacja musi by\u0107 z\u0142o\u017cona na odpowiednim formularzu reklamacyjnym.<br \/>3. Reklamowany wyr\u00f3b musi zosta\u0107 odes\u0142any do siedziby firmy Paola na w\u0142asny koszt na adres:<br \/>PPUH \u201ePaola\u201d Bogus\u0142awa i Zbigniew Nowak s.c<br \/>Al. Wojska Polskiego 56<br \/>26-600 Radom<br \/>4. Reklamacje rozpatrywane s\u0105 w ci\u0105gu 21 dni od daty otrzymania przesy\u0142ki , w przypadku uznania reklamacji nast\u0105pi naprawa lub wymiana produktu na nowy wolny od wad. Je\u015bli naprawa nie b\u0119dzie mo\u017cliwa nast\u0105pi zwrot warto\u015bci towaru oraz koszt\u00f3w kurierskich w ci\u0105gu 21 dni przelewem na konto wskazane przez klienta.<br \/>5. Klient ma prawo odst\u0105pienia od umowy zawartej na odleg\u0142o\u015b\u0107 do 14 dni od dnia otrzymania towaru.<br \/>6. Zwrot towaru jest mo\u017cliwy tylko w przypadku gdy nie by\u0142 u\u017cywany ani w \u017caden spos\u00f3b nie zosta\u0142 uszkodzony.<br \/>7. Towar musi zosta\u0107 odes\u0142any w takim stanie w jakim zosta\u0142 zakupiony w oryginalnym opakowaniu wraz z dowodem zakupu. Musi posiada\u0107 komplet metek. Nie mo\u017ce nosi\u0107 \u015blad\u00f3w u\u017cytkowania.<br \/>8. Towar nie spe\u0142niaj\u0105cy powy\u017cszych warunk\u00f3w zostanie ponownie odes\u0142any na koszt zamawiaj\u0105cego.<\/p><p><b>POSTANOWIENIA OG\u00d3LNE<\/b><\/p><p>1. Zdj\u0119cia zamieszczone w sklepie internetowym Paola nie mog\u0105 by\u0107 kopiowane ani przetwarzane inaczej stanowi naruszenie praw autorskich.<br \/>2. Z\u0142o\u017cenie zam\u00f3wienia oznacza zaakceptowanie regulaminu.<br \/>3. Sk\u0142adaj\u0105cy zam\u00f3wienie klient wyra\u017ca zgod\u0119 na przetwarzanie i wykorzystywanie jego danych osobowych w celu realizacji zam\u00f3wienia. Dane osobowe umieszczone s\u0105 w bazie danych firmy Paola i s\u0105 przetwarzane wy\u0142\u0105cznie dla ich potrzeb i nie s\u0105 udost\u0119pniane innym podmiotom. <br \/>Dane te s\u0105 gromadzone z nale\u017cyt\u0105 staranno\u015bci\u0105 i odpowiednio chronione przed dost\u0119pem do nich przez osoby do tego nieupowa\u017cnione.<br \/>4. W razie jakichkolwiek pyta\u0144 prosimy o kontakt :<br \/>048 365 18 59<br \/>784 316 712<\/p>\t\t\t\t\t\t\t\t<\/div>\n\t\t\t\t<\/div>\n\t\t\t\t\t<\/div>\n\t\t<\/div>\n\t\t\t\t\t<\/div>\n\t\t<\/section>\n\t\t\t\t<\/div>","protected":false},"excerpt":{"rendered":"<p>Regulamin WARUNKI OG\u00d3LNE 1. Sklep internetowy www.paolacollection.pl prowadzony jest przez firm\u0119 PPUH \u201ePaola\u201d Bogus\u0142awa i Zbigniew Nowak s.c Al. Wojska Polskiego 56 26-600 Radom Tel.: (48) 365 18 59 Tel kom. 784 316 712 NIP: 796 001 71 73 Regon: 670007902 e-mail: esklep@paolacollection.pl www.paolacollection.com.pl 2. Ceny towar\u00f3w znajduj\u0105cych si\u0119 w sklepie internetowym s\u0105 cenami brutto [&hellip;]<\/p>\n","protected":false},"author":1,"featured_media":0,"parent":0,"menu_order":0,"comment_status":"closed","ping_status":"closed","template":"","meta":{"inline_featured_image":false,"footnotes":""},"class_list":["post-493","page","type-page","status-publish","hentry"],"_links":{"self":[{"href":"https:\/\/paolacollection.pl\/en\/wp-json\/wp\/v2\/pages\/493","targetHints":{"allow":["GET"]}}],"collection":[{"href":"https:\/\/paolacollection.pl\/en\/wp-json\/wp\/v2\/pages"}],"about":[{"href":"https:\/\/paolacollection.pl\/en\/wp-json\/wp\/v2\/types\/page"}],"author":[{"embeddable":true,"href":"https:\/\/paolacollection.pl\/en\/wp-json\/wp\/v2\/users\/1"}],"replies":[{"embeddable":true,"href":"https:\/\/paolacollection.pl\/en\/wp-json\/wp\/v2\/comments?post=493"}],"version-history":[{"count":0,"href":"https:\/\/paolacollection.pl\/en\/wp-json\/wp\/v2\/pages\/493\/revisions"}],"wp:attachment":[{"href":"https:\/\/paolacollection.pl\/en\/wp-json\/wp\/v2\/media?parent=493"}],"curies":[{"name":"wp","href":"https:\/\/api.w.org\/{rel}","templated":true}]}}