{"id":12668,"date":"2020-04-24T09:56:59","date_gmt":"2020-04-24T07:56:59","guid":{"rendered":"https:\/\/paolacollection.pl\/?page_id=12668"},"modified":"2020-11-03T15:45:43","modified_gmt":"2020-11-03T14:45:43","slug":"fundusze-europejskie","status":"publish","type":"page","link":"https:\/\/paolacollection.pl\/en\/fundusze-europejskie\/","title":{"rendered":"European Funds"},"content":{"rendered":"<div data-elementor-type=\"wp-page\" data-elementor-id=\"12668\" class=\"elementor elementor-12668\" data-elementor-post-type=\"page\">\n\t\t\t\t\t\t<section class=\"elementor-section elementor-top-section elementor-element elementor-element-ef6e61c elementor-section-boxed elementor-section-height-default elementor-section-height-default\" data-id=\"ef6e61c\" data-element_type=\"section\" data-e-type=\"section\">\n\t\t\t\t\t\t<div class=\"elementor-container elementor-column-gap-default\">\n\t\t\t\t\t<div class=\"elementor-column elementor-col-100 elementor-top-column elementor-element elementor-element-32ad38c\" data-id=\"32ad38c\" data-element_type=\"column\" data-e-type=\"column\">\n\t\t\t<div class=\"elementor-widget-wrap elementor-element-populated\">\n\t\t\t\t\t\t<div class=\"elementor-element elementor-element-9536020 elementor-widget elementor-widget-heading\" data-id=\"9536020\" data-element_type=\"widget\" data-e-type=\"widget\" data-widget_type=\"heading.default\">\n\t\t\t\t<div class=\"elementor-widget-container\">\n\t\t\t\t\t<h1 class=\"elementor-heading-title elementor-size-default\">European Funds<\/h1>\t\t\t\t<\/div>\n\t\t\t\t<\/div>\n\t\t\t\t<div class=\"elementor-element elementor-element-cfb61c2 elementor-widget elementor-widget-text-editor\" data-id=\"cfb61c2\" data-element_type=\"widget\" data-e-type=\"widget\" data-widget_type=\"text-editor.default\">\n\t\t\t\t<div class=\"elementor-widget-container\">\n\t\t\t\t\t\t\t\t\t<p>Project number: <strong>POIR.03.03.03-14-0110\/19<\/strong><br><\/p>\n<p>Project title: \"Increase in recognition of the Polish product brand PAOLA COLLECTION in the international arena.\"<br><br><span style=\"font-weight: bolder;\">Objectives and effects of the Project implementation:<\/span><br><\/p>\n<p class=\"translation-block\">Objectives and effects of the Project implementation: The goal of the\nproject is effective promotion\nBeneficiary internationally, increasing the scale of exports<br>\nproducts that are the subject of the project and total exports.<br>\nThe project's quality effects are: promoting products in the arena<br>\ninternational, gaining new prospective markets, establishing<br>\nlucrative business contacts and acquiring new partners<br>\nforeign, and as a consequence signing of commercial contracts.\nAchieved project results will contribute to increase<br>\nBeneficiary's export activity, increase in the volume of revenues\nfrom export and development of organizational structures of the\nenterprise.<\/p>\n<p>Project value: <strong>610 600,00 PLN<\/strong><\/p>\n<p>The amount of the European Funds':<strong> 366 360,00 PLN<\/strong><\/p>\n<p><\/p>\n<p>Project number: <strong>POIR.03.04.00-14-0039\/20<\/strong><\/p>\n<p>Project title: \"Working capital subsidy for Przedsi\u0119biorstwo Produkcyjno-Us\u0142ugowo-Handlowe PAOLA Bogus\u0142awa i Zbigniew Nowak s.c.\"<\/p>\n<p><b>Objectives and effects of the implemented project:<\/b><\/p>\n<p class=\"translation-block\">The aim of the project is to support the entrepreneur in the field of ensuring financial liquidity and supporting current activity\ndue to a slowdown resulting from the epidemiological situation\nrelated to the SARS-CoV-2 coronavirus pandemic, of which\nthe effect is to be the maintenance of the current activity.<\/p>\n<p>Project value: <strong>124 333,62 PLN<\/strong><\/p>\n<p>The amount of the European Funds': <strong>124 333,62 PLN<\/strong><\/p>\t\t\t\t\t\t\t\t<\/div>\n\t\t\t\t<\/div>\n\t\t\t\t\t<\/div>\n\t\t<\/div>\n\t\t\t\t\t<\/div>\n\t\t<\/section>\n\t\t\t\t<section class=\"elementor-section elementor-top-section elementor-element elementor-element-8c161af elementor-section-boxed elementor-section-height-default elementor-section-height-default\" data-id=\"8c161af\" data-element_type=\"section\" data-e-type=\"section\">\n\t\t\t\t\t\t<div class=\"elementor-container elementor-column-gap-default\">\n\t\t\t\t\t<div class=\"elementor-column elementor-col-100 elementor-top-column elementor-element elementor-element-6857f80\" data-id=\"6857f80\" data-element_type=\"column\" data-e-type=\"column\">\n\t\t\t<div class=\"elementor-widget-wrap elementor-element-populated\">\n\t\t\t\t\t\t<div class=\"elementor-element elementor-element-5f91a9d elementor-widget__width-initial elementor-widget elementor-widget-image\" data-id=\"5f91a9d\" data-element_type=\"widget\" data-e-type=\"widget\" data-widget_type=\"image.default\">\n\t\t\t\t<div class=\"elementor-widget-container\">\n\t\t\t\t\t\t\t\t\t\t\t\t\t\t\t<img fetchpriority=\"high\" decoding=\"async\" width=\"1063\" height=\"567\" src=\"https:\/\/paolacollection.pl\/wp-content\/uploads\/2020\/11\/logo_FE_Inteligentny_Rozwoj_rgb-1.jpg\" class=\"attachment-full size-full wp-image-22566\" alt=\"\" \/>\t\t\t\t\t\t\t\t\t\t\t\t\t\t\t<\/div>\n\t\t\t\t<\/div>\n\t\t\t\t<div class=\"elementor-element elementor-element-67b863c elementor-widget__width-initial elementor-widget elementor-widget-image\" data-id=\"67b863c\" data-element_type=\"widget\" data-e-type=\"widget\" data-widget_type=\"image.default\">\n\t\t\t\t<div class=\"elementor-widget-container\">\n\t\t\t\t\t\t\t\t\t\t\t\t\t\t\t<img decoding=\"async\" width=\"179\" height=\"43\" src=\"https:\/\/paolacollection.pl\/wp-content\/uploads\/2019\/07\/RP-e1587714457974.png\" class=\"attachment-full size-full wp-image-12663\" alt=\"\" \/>\t\t\t\t\t\t\t\t\t\t\t\t\t\t\t<\/div>\n\t\t\t\t<\/div>\n\t\t\t\t<div class=\"elementor-element elementor-element-54199ed elementor-widget__width-initial elementor-widget elementor-widget-image\" data-id=\"54199ed\" data-element_type=\"widget\" data-e-type=\"widget\" data-widget_type=\"image.default\">\n\t\t\t\t<div class=\"elementor-widget-container\">\n\t\t\t\t\t\t\t\t\t\t\t\t\t\t\t<img decoding=\"async\" width=\"512\" height=\"175\" src=\"https:\/\/paolacollection.pl\/wp-content\/uploads\/2020\/11\/unnamed.jpg\" class=\"attachment-large size-large wp-image-22561\" alt=\"\" srcset=\"https:\/\/paolacollection.pl\/wp-content\/uploads\/2020\/11\/unnamed.jpg 512w, https:\/\/paolacollection.pl\/wp-content\/uploads\/2020\/11\/unnamed-300x103.jpg 300w\" sizes=\"(max-width: 512px) 100vw, 512px\" \/>\t\t\t\t\t\t\t\t\t\t\t\t\t\t\t<\/div>\n\t\t\t\t<\/div>\n\t\t\t\t\t<\/div>\n\t\t<\/div>\n\t\t\t\t\t<\/div>\n\t\t<\/section>\n\t\t\t\t<\/div>","protected":false},"excerpt":{"rendered":"<p>Fundusze Europejskie Numer projektu: POIR.03.03.03-14-0110\/19 Tytu\u0142 projektu: &#8222;Wzrost rozpoznawalno\u015bci polskiej marki produktowej PAOLA COLLECTION na arenie mi\u0119dzynarodowej.&#8221; Cele i efekty realizacji Projektu: Celem projektu jest skuteczna promocjaBeneficjenta na arenie mi\u0119dzynarodowej, zwi\u0119kszenie skali eksportuprodukt\u00f3w stanowi\u0105cych przedmiot projektu oraz eksportu og\u00f3\u0142em.Efekty jako\u015bciowe projektu stanowi\u0105: wypromowanie produkt\u00f3w na areniemi\u0119dzynarodowej, zdobycie nowych rynk\u00f3w perspektywicznych, nawi\u0105zanieintratnych kontakt\u00f3w biznesowych i pozyskanie [&hellip;]<\/p>\n","protected":false},"author":1,"featured_media":0,"parent":0,"menu_order":0,"comment_status":"closed","ping_status":"closed","template":"","meta":{"inline_featured_image":false,"footnotes":""},"class_list":["post-12668","page","type-page","status-publish","hentry"],"_links":{"self":[{"href":"https:\/\/paolacollection.pl\/en\/wp-json\/wp\/v2\/pages\/12668","targetHints":{"allow":["GET"]}}],"collection":[{"href":"https:\/\/paolacollection.pl\/en\/wp-json\/wp\/v2\/pages"}],"about":[{"href":"https:\/\/paolacollection.pl\/en\/wp-json\/wp\/v2\/types\/page"}],"author":[{"embeddable":true,"href":"https:\/\/paolacollection.pl\/en\/wp-json\/wp\/v2\/users\/1"}],"replies":[{"embeddable":true,"href":"https:\/\/paolacollection.pl\/en\/wp-json\/wp\/v2\/comments?post=12668"}],"version-history":[{"count":0,"href":"https:\/\/paolacollection.pl\/en\/wp-json\/wp\/v2\/pages\/12668\/revisions"}],"wp:attachment":[{"href":"https:\/\/paolacollection.pl\/en\/wp-json\/wp\/v2\/media?parent=12668"}],"curies":[{"name":"wp","href":"https:\/\/api.w.org\/{rel}","templated":true}]}}